{"id":102,"date":"2019-11-15T12:50:47","date_gmt":"2019-11-15T15:50:47","guid":{"rendered":"https:\/\/twistercolors.com.br\/loja\/produto\/fita-para-empacotamento-marrom-706-adere\/"},"modified":"2019-11-15T12:50:47","modified_gmt":"2019-11-15T15:50:47","slug":"fita-para-empacotamento-marrom-706-adere","status":"publish","type":"product","link":"https:\/\/twistercolors.com.br\/loja\/produto\/fita-para-empacotamento-marrom-706-adere\/","title":{"rendered":"Fita para Empacotamento Marrom 706 Adere"},"content":{"rendered":"<p>Fita para Empacotamento Marrom 706     Fita adesiva de filme de polipropileno biorientado marrom com adesivo acr\u00edlico.             Aplica\u00e7\u00e3o         Indicada para o fechamento de:- Embalagens de papel e papel\u00e3o;- Embalagens pl\u00e1sticas;- Sacos polifolhados. Para informa\u00e7\u00f5es sobre o descarte do produto Clique Aqui!                 Mercados                                      Flexografia e Acabamento Gr\u00e1fico                             Empacotamento e Refor\u00e7o                             Linha Branca e Refrigera\u00e7\u00e3o Comercial                             Supermercados e Papelarias                                          Cadastre-se e compre<\/p>\n<p>Marca Adere<\/p>\n","protected":false},"excerpt":{"rendered":"<p>Fita para Empacotamento Marrom 706<br \/>\n    Fita adesiva de filme de polipropileno biorientado marrom com adesivo acr\u00edlico.<br \/>\n            Aplica\u00e7\u00e3o<br \/>\n        Indicada para o fechamento de:- Embalagens de papel e papel\u00e3o;- Embalagens pl\u00e1sticas;- Sacos polifolhados.<br \/>\nPara informa\u00e7\u00f5es sobre o descarte do produto Clique Aqui!<br \/>\n                Mercados<\/p>\n<p>                            Flexografia e Acabamento Gr\u00e1fico<br \/>\n                            Empacotamento e Refor\u00e7o<br \/>\n                            Linha Branca e Refrigera\u00e7\u00e3o Comercial<br \/>\n                            Supermercados e Papelarias<\/p>\n<p>                    Cadastre-se e compre<\/p>\n","protected":false},"featured_media":103,"comment_status":"closed","ping_status":"open","template":"","meta":{"om_disable_all_campaigns":false,"_exactmetrics_skip_tracking":false,"_exactmetrics_sitenote_active":false,"_exactmetrics_sitenote_note":"","_exactmetrics_sitenote_category":0,"_monsterinsights_skip_tracking":false,"_monsterinsights_sitenote_active":false,"_monsterinsights_sitenote_note":"","_monsterinsights_sitenote_category":0},"product_cat":[19,74,75,65,20],"product_tag":[],"aioseo_notices":[],"_links":{"self":[{"href":"https:\/\/twistercolors.com.br\/loja\/wp-json\/wp\/v2\/product\/102"}],"collection":[{"href":"https:\/\/twistercolors.com.br\/loja\/wp-json\/wp\/v2\/product"}],"about":[{"href":"https:\/\/twistercolors.com.br\/loja\/wp-json\/wp\/v2\/types\/product"}],"replies":[{"embeddable":true,"href":"https:\/\/twistercolors.com.br\/loja\/wp-json\/wp\/v2\/comments?post=102"}],"wp:featuredmedia":[{"embeddable":true,"href":"https:\/\/twistercolors.com.br\/loja\/wp-json\/wp\/v2\/media\/103"}],"wp:attachment":[{"href":"https:\/\/twistercolors.com.br\/loja\/wp-json\/wp\/v2\/media?parent=102"}],"wp:term":[{"taxonomy":"product_cat","embeddable":true,"href":"https:\/\/twistercolors.com.br\/loja\/wp-json\/wp\/v2\/product_cat?post=102"},{"taxonomy":"product_tag","embeddable":true,"href":"https:\/\/twistercolors.com.br\/loja\/wp-json\/wp\/v2\/product_tag?post=102"}],"curies":[{"name":"wp","href":"https:\/\/api.w.org\/{rel}","templated":true}]}}