{"id":108,"date":"2019-11-15T12:50:47","date_gmt":"2019-11-15T15:50:47","guid":{"rendered":"https:\/\/twistercolors.com.br\/loja\/produto\/fita-adesiva-autoclave-1042-s-adermed-adere\/"},"modified":"2019-11-15T12:50:47","modified_gmt":"2019-11-15T15:50:47","slug":"fita-adesiva-autoclave-1042-s-adermed-adere","status":"publish","type":"product","link":"https:\/\/twistercolors.com.br\/loja\/produto\/fita-adesiva-autoclave-1042-s-adermed-adere\/","title":{"rendered":"Fita Adesiva Autoclave 1042\/S &#8211; ADERMED Adere"},"content":{"rendered":"<p>Fita Adesiva Autoclave 1042\/S &#8211; ADERMED     Fita adesiva de papel crepe impregnado com solu\u00e7\u00e3o base borracha, adesivo base borracha e resinas em uma face \u00a0e tratamento desmoldante e indicador termo reativo na outra.             Aplica\u00e7\u00e3o         Ideal como indicador de esteriliza\u00e7\u00e3o em recipientes hospitalares e odontol\u00f3gicos em autoclave.Tamb\u00e9m utilizada para identifica\u00e7\u00e3o e para fechar pacotes de esteriliza\u00e7\u00e3oComo aplicar:Desenrole o tamanho necess\u00e1rio de fita e corte-a com uma tesoura. Aplique a face aparente do adesivo exercendo press\u00e3o uniforme e constante sobre a superf\u00edcie a ser fixada. Ir\u00e1 apresentar faixas escuras ap\u00f3s exposi\u00e7\u00e3o desde 121\u00b0C \u00e0 140\u00b0C conforme necessidade do ciclo de autoclavagem. Importante: \u00a0A fita adesiva 1042 indica apenas que o material foi submetido ao processo de esteriliza\u00e7\u00e3o por press\u00e3o de vapor em autoclave mas n\u00e3o garante que a esteriliza\u00e7\u00e3o foi eficaz foi eficaz. Trata-se apenas de um sinalizador qu\u00edmico. Para informa\u00e7\u00f5es sobre o descarte do produto Clique Aqui!                 Mercados                                      Hospitalar                                          Cadastre-se e compre<\/p>\n<p>Marca Adere<\/p>\n","protected":false},"excerpt":{"rendered":"<p>Fita Adesiva Autoclave 1042\/S &#8211; ADERMED<br \/>\n    Fita adesiva de papel crepe impregnado com solu\u00e7\u00e3o base borracha, adesivo base borracha e resinas em uma face \u00a0e tratamento desmoldante e indicador termo reativo na outra.<br \/>\n            Aplica\u00e7\u00e3o<br \/>\n        Ideal como indicador de esteriliza\u00e7\u00e3o em recipientes hospitalares e odontol\u00f3gicos em autoclave.Tamb\u00e9m utilizada para identifica\u00e7\u00e3o e para fechar pacotes de esteriliza\u00e7\u00e3oComo aplicar:Desenrole o tamanho necess\u00e1rio de fita e corte-a com uma tesoura. Aplique a face aparente do adesivo exercendo press\u00e3o uniforme e constante sobre a superf\u00edcie a ser fixada. Ir\u00e1 apresentar faixas escuras ap\u00f3s exposi\u00e7\u00e3o desde 121\u00b0C \u00e0 140\u00b0C conforme necessidade do ciclo de autoclavagem. Importante: \u00a0A fita adesiva 1042 indica apenas que o material foi submetido ao processo de esteriliza\u00e7\u00e3o por press\u00e3o de vapor em autoclave mas n\u00e3o garante que a esteriliza\u00e7\u00e3o foi eficaz foi eficaz. Trata-se apenas de um sinalizador qu\u00edmico.<br \/>\nPara informa\u00e7\u00f5es sobre o descarte do produto Clique Aqui!<br \/>\n                Mercados<\/p>\n<p>                            Hospitalar<\/p>\n<p>                    Cadastre-se e compre<\/p>\n","protected":false},"featured_media":109,"comment_status":"closed","ping_status":"open","template":"","meta":{"om_disable_all_campaigns":false,"_exactmetrics_skip_tracking":false,"_exactmetrics_sitenote_active":false,"_exactmetrics_sitenote_note":"","_exactmetrics_sitenote_category":0,"_monsterinsights_skip_tracking":false,"_monsterinsights_sitenote_active":false,"_monsterinsights_sitenote_note":"","_monsterinsights_sitenote_category":0},"product_cat":[19,82,81,80,33,20],"product_tag":[],"aioseo_notices":[],"_links":{"self":[{"href":"https:\/\/twistercolors.com.br\/loja\/wp-json\/wp\/v2\/product\/108"}],"collection":[{"href":"https:\/\/twistercolors.com.br\/loja\/wp-json\/wp\/v2\/product"}],"about":[{"href":"https:\/\/twistercolors.com.br\/loja\/wp-json\/wp\/v2\/types\/product"}],"replies":[{"embeddable":true,"href":"https:\/\/twistercolors.com.br\/loja\/wp-json\/wp\/v2\/comments?post=108"}],"wp:featuredmedia":[{"embeddable":true,"href":"https:\/\/twistercolors.com.br\/loja\/wp-json\/wp\/v2\/media\/109"}],"wp:attachment":[{"href":"https:\/\/twistercolors.com.br\/loja\/wp-json\/wp\/v2\/media?parent=108"}],"wp:term":[{"taxonomy":"product_cat","embeddable":true,"href":"https:\/\/twistercolors.com.br\/loja\/wp-json\/wp\/v2\/product_cat?post=108"},{"taxonomy":"product_tag","embeddable":true,"href":"https:\/\/twistercolors.com.br\/loja\/wp-json\/wp\/v2\/product_tag?post=108"}],"curies":[{"name":"wp","href":"https:\/\/api.w.org\/{rel}","templated":true}]}}