{"id":121,"date":"2019-11-15T12:51:11","date_gmt":"2019-11-15T15:51:11","guid":{"rendered":"https:\/\/twistercolors.com.br\/loja\/produto\/etiqueta-et-2111-e-2111g-adere\/"},"modified":"2019-11-15T12:51:11","modified_gmt":"2019-11-15T15:51:11","slug":"etiqueta-et-2111-e-2111g-adere","status":"publish","type":"product","link":"https:\/\/twistercolors.com.br\/loja\/produto\/etiqueta-et-2111-e-2111g-adere\/","title":{"rendered":"Etiqueta ET-2111 e 2111G Adere"},"content":{"rendered":"<p>Etiqueta ET-2111 e 2111G     Etiquetas auto-adesivas em papel branco fosco com adesivo \u00e0 base de borracha e resina.             Aplica\u00e7\u00e3o         Indicado para:- Identifica\u00e7\u00e3o de embalagens \/ produtos- Trabalhos escolares &#8211; Codifica\u00e7\u00e3o de produtos- Marca\u00e7\u00e3o de Pre\u00e7o em produtos- Identifica\u00e7\u00e3o de envelopes \/ pastas.As etiquetas ADERE s\u00e3o aprovadas pelo laborat\u00f3rio SGS do Brasil Ltda. (Credenciado INMETRO CRL-0049) quanto ao requisito de Toxicologia da Norma ABNT NBR 11786\/98\u00a0&#8211; Seguran\u00e7a do Brinquedo. Para informa\u00e7\u00f5es sobre o descarte do produto Clique Aqui!                         Cadastre-se e compre<\/p>\n<p>Marca Adere<\/p>\n","protected":false},"excerpt":{"rendered":"<p>Etiqueta ET-2111 e 2111G<br \/>\n    Etiquetas auto-adesivas em papel branco fosco com adesivo \u00e0 base de borracha e resina.<br \/>\n            Aplica\u00e7\u00e3o<br \/>\n        Indicado para:- Identifica\u00e7\u00e3o de embalagens \/ produtos- Trabalhos escolares &#8211; Codifica\u00e7\u00e3o de produtos- Marca\u00e7\u00e3o de Pre\u00e7o em produtos- Identifica\u00e7\u00e3o de envelopes \/ pastas.As etiquetas ADERE s\u00e3o aprovadas pelo laborat\u00f3rio SGS do Brasil Ltda. (Credenciado INMETRO CRL-0049) quanto ao requisito de Toxicologia da Norma ABNT NBR 11786\/98\u00a0&#8211; Seguran\u00e7a do Brinquedo.<br \/>\nPara informa\u00e7\u00f5es sobre o descarte do produto Clique Aqui!<br \/>\n                        Cadastre-se e compre<\/p>\n","protected":false},"featured_media":122,"comment_status":"closed","ping_status":"open","template":"","meta":{"om_disable_all_campaigns":false,"_exactmetrics_skip_tracking":false,"_exactmetrics_sitenote_active":false,"_exactmetrics_sitenote_note":"","_exactmetrics_sitenote_category":0,"_monsterinsights_skip_tracking":false,"_monsterinsights_sitenote_active":false,"_monsterinsights_sitenote_note":"","_monsterinsights_sitenote_category":0},"product_cat":[19,90,59,60,20],"product_tag":[],"aioseo_notices":[],"_links":{"self":[{"href":"https:\/\/twistercolors.com.br\/loja\/wp-json\/wp\/v2\/product\/121"}],"collection":[{"href":"https:\/\/twistercolors.com.br\/loja\/wp-json\/wp\/v2\/product"}],"about":[{"href":"https:\/\/twistercolors.com.br\/loja\/wp-json\/wp\/v2\/types\/product"}],"replies":[{"embeddable":true,"href":"https:\/\/twistercolors.com.br\/loja\/wp-json\/wp\/v2\/comments?post=121"}],"wp:featuredmedia":[{"embeddable":true,"href":"https:\/\/twistercolors.com.br\/loja\/wp-json\/wp\/v2\/media\/122"}],"wp:attachment":[{"href":"https:\/\/twistercolors.com.br\/loja\/wp-json\/wp\/v2\/media?parent=121"}],"wp:term":[{"taxonomy":"product_cat","embeddable":true,"href":"https:\/\/twistercolors.com.br\/loja\/wp-json\/wp\/v2\/product_cat?post=121"},{"taxonomy":"product_tag","embeddable":true,"href":"https:\/\/twistercolors.com.br\/loja\/wp-json\/wp\/v2\/product_tag?post=121"}],"curies":[{"name":"wp","href":"https:\/\/api.w.org\/{rel}","templated":true}]}}