{"id":1210,"date":"2019-11-19T16:03:59","date_gmt":"2019-11-19T19:03:59","guid":{"rendered":"https:\/\/twistercolors.com.br\/loja\/produto\/pincel-trincha-media-ref-520-tinta-latex-e-acrilica-superficies-parede-tigre-linha-imobiliaria\/"},"modified":"2019-11-19T16:03:59","modified_gmt":"2019-11-19T19:03:59","slug":"pincel-trincha-media-ref-520-tinta-latex-e-acrilica-superficies-parede-tigre-linha-imobiliaria","status":"publish","type":"product","link":"https:\/\/twistercolors.com.br\/loja\/produto\/pincel-trincha-media-ref-520-tinta-latex-e-acrilica-superficies-parede-tigre-linha-imobiliaria\/","title":{"rendered":"Pincel TRINCHA M\u00c9DIA &#8211; REF. 520 &#8211; TINTA: L\u00c1TEX E ACR\u00cdLICA &#8211; SUPERF\u00cdCIES: PAREDE Tigre Linha Imobili\u00e1ria"},"content":{"rendered":"<p>TRINCHA M\u00c9DIA &#8211; REF. 520 &#8211; TINTA: L\u00c1TEX E ACR\u00cdLICA &#8211; SUPERF\u00cdCIES: PAREDE Paredes Trinchas Linha Imobili\u00e1ria Tigre<\/p>\n","protected":false},"excerpt":{"rendered":"<p>TRINCHA M\u00c9DIA &#8211; REF. 520 &#8211; TINTA: L\u00c1TEX E ACR\u00cdLICA &#8211; SUPERF\u00cdCIES: PAREDE Paredes Trinchas Linha Imobili\u00e1ria Tigre<\/p>\n","protected":false},"featured_media":1211,"comment_status":"closed","ping_status":"open","template":"","meta":{"om_disable_all_campaigns":false,"_exactmetrics_skip_tracking":false,"_exactmetrics_sitenote_active":false,"_exactmetrics_sitenote_note":"","_exactmetrics_sitenote_category":0,"_monsterinsights_skip_tracking":false,"_monsterinsights_sitenote_active":false,"_monsterinsights_sitenote_note":"","_monsterinsights_sitenote_category":0},"product_cat":[458,460,456,457,459],"product_tag":[],"aioseo_notices":[],"_links":{"self":[{"href":"https:\/\/twistercolors.com.br\/loja\/wp-json\/wp\/v2\/product\/1210"}],"collection":[{"href":"https:\/\/twistercolors.com.br\/loja\/wp-json\/wp\/v2\/product"}],"about":[{"href":"https:\/\/twistercolors.com.br\/loja\/wp-json\/wp\/v2\/types\/product"}],"replies":[{"embeddable":true,"href":"https:\/\/twistercolors.com.br\/loja\/wp-json\/wp\/v2\/comments?post=1210"}],"wp:featuredmedia":[{"embeddable":true,"href":"https:\/\/twistercolors.com.br\/loja\/wp-json\/wp\/v2\/media\/1211"}],"wp:attachment":[{"href":"https:\/\/twistercolors.com.br\/loja\/wp-json\/wp\/v2\/media?parent=1210"}],"wp:term":[{"taxonomy":"product_cat","embeddable":true,"href":"https:\/\/twistercolors.com.br\/loja\/wp-json\/wp\/v2\/product_cat?post=1210"},{"taxonomy":"product_tag","embeddable":true,"href":"https:\/\/twistercolors.com.br\/loja\/wp-json\/wp\/v2\/product_tag?post=1210"}],"curies":[{"name":"wp","href":"https:\/\/api.w.org\/{rel}","templated":true}]}}