{"id":125,"date":"2019-11-15T12:51:11","date_gmt":"2019-11-15T15:51:11","guid":{"rendered":"https:\/\/twistercolors.com.br\/loja\/produto\/fita-crepe-premium-412-adere\/"},"modified":"2019-11-15T12:51:11","modified_gmt":"2019-11-15T15:51:11","slug":"fita-crepe-premium-412-adere","status":"publish","type":"product","link":"https:\/\/twistercolors.com.br\/loja\/produto\/fita-crepe-premium-412-adere\/","title":{"rendered":"Fita Crepe Premium 412 Adere"},"content":{"rendered":"<p>Fita Crepe Premium 412     A melhor fita crepe uso geral do mercado!A Fita Crepe Premium 412 possui um adesivo diferenciado, que proporciona uma ades\u00e3o superior aos produtos de uso geral existentes no mercado.\u00c9 composta por papel crepado de 40g\/m\u00b2 na cor palha.             Aplica\u00e7\u00e3o         A Fita Crepe Premium 412 foi especialmente desenvolvida para atender \u00e0 demanda do mercado industrial. Seu adesivo permite o uso em trabalhos em superf\u00edcies irregulares e onde seja necess\u00e1ria maior ades\u00e3o.\u00c9 indicada para:- Marca\u00e7\u00e3o e veda\u00e7\u00e3o de embalagens- Fechamento de pacotes leves e refor\u00e7o de embalagens- Fixa\u00e7\u00e3o e emendas de pap\u00e9is ou pl\u00e1sticos- Prote\u00e7\u00e3o em pe\u00e7as pl\u00e1sticas durante o processo de rebarbamento- Uso Geral Para informa\u00e7\u00f5es sobre o descarte do produto Clique Aqui!                         Cadastre-se e compre<\/p>\n<p>Marca Adere<\/p>\n","protected":false},"excerpt":{"rendered":"<p>Fita Crepe Premium 412<br \/>\n    A melhor fita crepe uso geral do mercado!A Fita Crepe Premium 412 possui um adesivo diferenciado, que proporciona uma ades\u00e3o superior aos produtos de uso geral existentes no mercado.\u00c9 composta por papel crepado de 40g\/m\u00b2 na cor palha.<br \/>\n            Aplica\u00e7\u00e3o<br \/>\n        A Fita Crepe Premium 412 foi especialmente desenvolvida para atender \u00e0 demanda do mercado industrial. Seu adesivo permite o uso em trabalhos em superf\u00edcies irregulares e onde seja necess\u00e1ria maior ades\u00e3o.\u00c9 indicada para:- Marca\u00e7\u00e3o e veda\u00e7\u00e3o de embalagens- Fechamento de pacotes leves e refor\u00e7o de embalagens- Fixa\u00e7\u00e3o e emendas de pap\u00e9is ou pl\u00e1sticos- Prote\u00e7\u00e3o em pe\u00e7as pl\u00e1sticas durante o processo de rebarbamento- Uso Geral<br \/>\nPara informa\u00e7\u00f5es sobre o descarte do produto Clique Aqui!<br \/>\n                        Cadastre-se e compre<\/p>\n","protected":false},"featured_media":126,"comment_status":"closed","ping_status":"open","template":"","meta":{"om_disable_all_campaigns":false,"_exactmetrics_skip_tracking":false,"_exactmetrics_sitenote_active":false,"_exactmetrics_sitenote_note":"","_exactmetrics_sitenote_category":0,"_monsterinsights_skip_tracking":false,"_monsterinsights_sitenote_active":false,"_monsterinsights_sitenote_note":"","_monsterinsights_sitenote_category":0},"product_cat":[19,78,92,33,20],"product_tag":[],"aioseo_notices":[],"_links":{"self":[{"href":"https:\/\/twistercolors.com.br\/loja\/wp-json\/wp\/v2\/product\/125"}],"collection":[{"href":"https:\/\/twistercolors.com.br\/loja\/wp-json\/wp\/v2\/product"}],"about":[{"href":"https:\/\/twistercolors.com.br\/loja\/wp-json\/wp\/v2\/types\/product"}],"replies":[{"embeddable":true,"href":"https:\/\/twistercolors.com.br\/loja\/wp-json\/wp\/v2\/comments?post=125"}],"wp:featuredmedia":[{"embeddable":true,"href":"https:\/\/twistercolors.com.br\/loja\/wp-json\/wp\/v2\/media\/126"}],"wp:attachment":[{"href":"https:\/\/twistercolors.com.br\/loja\/wp-json\/wp\/v2\/media?parent=125"}],"wp:term":[{"taxonomy":"product_cat","embeddable":true,"href":"https:\/\/twistercolors.com.br\/loja\/wp-json\/wp\/v2\/product_cat?post=125"},{"taxonomy":"product_tag","embeddable":true,"href":"https:\/\/twistercolors.com.br\/loja\/wp-json\/wp\/v2\/product_tag?post=125"}],"curies":[{"name":"wp","href":"https:\/\/api.w.org\/{rel}","templated":true}]}}