{"id":127,"date":"2019-11-15T12:51:11","date_gmt":"2019-11-15T15:51:11","guid":{"rendered":"https:\/\/twistercolors.com.br\/loja\/produto\/fita-de-polietileno-237-adere\/"},"modified":"2019-11-15T12:51:11","modified_gmt":"2019-11-15T15:51:11","slug":"fita-de-polietileno-237-adere","status":"publish","type":"product","link":"https:\/\/twistercolors.com.br\/loja\/produto\/fita-de-polietileno-237-adere\/","title":{"rendered":"Fita de Polietileno 237 Adere"},"content":{"rendered":"<p>Fita de Polietileno 237     Filme de polietileno branco de 0,070mm com adesivo acr\u00edlico remov\u00edvel.             Aplica\u00e7\u00e3o         Indicada para fixa\u00e7\u00e3o de pe\u00e7as e componentes industriais, prote\u00e7\u00e3o e revestimento de pe\u00e7as pr\u00e9 ou p\u00f3s-pintura, aplica\u00e7\u00e3o em artigos que exijam remo\u00e7\u00e3o limpa ap\u00f3s o uso e itens que ser\u00e3o expostos \u00e0 intemp\u00e9ries. A Fita Adesiva de Polietileno pode ser usada em ambientes externos, com exposi\u00e7\u00e3o ao sol sem prejudicar suas caracter\u00edsticas de flexibilidade, por at\u00e9 30 dias. Para informa\u00e7\u00f5es sobre o descarte do produto Clique Aqui!                 Mercados                                      Arquitetura e Comunica\u00e7\u00e3o Visual                             Automotivo e Transportes                                          Cadastre-se e compre<\/p>\n<p>Marca Adere<\/p>\n","protected":false},"excerpt":{"rendered":"<p>Fita de Polietileno 237<br \/>\n    Filme de polietileno branco de 0,070mm com adesivo acr\u00edlico remov\u00edvel.<br \/>\n            Aplica\u00e7\u00e3o<br \/>\n        Indicada para fixa\u00e7\u00e3o de pe\u00e7as e componentes industriais, prote\u00e7\u00e3o e revestimento de pe\u00e7as pr\u00e9 ou p\u00f3s-pintura, aplica\u00e7\u00e3o em artigos que exijam remo\u00e7\u00e3o limpa ap\u00f3s o uso e itens que ser\u00e3o expostos \u00e0 intemp\u00e9ries. A Fita Adesiva de Polietileno pode ser usada em ambientes externos, com exposi\u00e7\u00e3o ao sol sem prejudicar suas caracter\u00edsticas de flexibilidade, por at\u00e9 30 dias.<br \/>\nPara informa\u00e7\u00f5es sobre o descarte do produto Clique Aqui!<br \/>\n                Mercados<\/p>\n<p>                            Arquitetura e Comunica\u00e7\u00e3o Visual<br \/>\n                            Automotivo e Transportes<\/p>\n<p>                    Cadastre-se e compre<\/p>\n","protected":false},"featured_media":128,"comment_status":"closed","ping_status":"open","template":"","meta":{"om_disable_all_campaigns":false,"_exactmetrics_skip_tracking":false,"_exactmetrics_sitenote_active":false,"_exactmetrics_sitenote_note":"","_exactmetrics_sitenote_category":0,"_monsterinsights_skip_tracking":false,"_monsterinsights_sitenote_active":false,"_monsterinsights_sitenote_note":"","_monsterinsights_sitenote_category":0},"product_cat":[19,93,94,31,20],"product_tag":[],"aioseo_notices":[],"_links":{"self":[{"href":"https:\/\/twistercolors.com.br\/loja\/wp-json\/wp\/v2\/product\/127"}],"collection":[{"href":"https:\/\/twistercolors.com.br\/loja\/wp-json\/wp\/v2\/product"}],"about":[{"href":"https:\/\/twistercolors.com.br\/loja\/wp-json\/wp\/v2\/types\/product"}],"replies":[{"embeddable":true,"href":"https:\/\/twistercolors.com.br\/loja\/wp-json\/wp\/v2\/comments?post=127"}],"wp:featuredmedia":[{"embeddable":true,"href":"https:\/\/twistercolors.com.br\/loja\/wp-json\/wp\/v2\/media\/128"}],"wp:attachment":[{"href":"https:\/\/twistercolors.com.br\/loja\/wp-json\/wp\/v2\/media?parent=127"}],"wp:term":[{"taxonomy":"product_cat","embeddable":true,"href":"https:\/\/twistercolors.com.br\/loja\/wp-json\/wp\/v2\/product_cat?post=127"},{"taxonomy":"product_tag","embeddable":true,"href":"https:\/\/twistercolors.com.br\/loja\/wp-json\/wp\/v2\/product_tag?post=127"}],"curies":[{"name":"wp","href":"https:\/\/api.w.org\/{rel}","templated":true}]}}