{"id":1297,"date":"2019-11-19T16:04:18","date_gmt":"2019-11-19T19:04:18","guid":{"rendered":"https:\/\/twistercolors.com.br\/loja\/produto\/pincel-rolo-de-la-ref-1366-tinta-resina-epoxi-esmalte-e-oleo-superficie-metal-e-superficies-lisas-em-geral-tigre-linha-imobiliaria\/"},"modified":"2019-11-19T16:04:18","modified_gmt":"2019-11-19T19:04:18","slug":"pincel-rolo-de-la-ref-1366-tinta-resina-epoxi-esmalte-e-oleo-superficie-metal-e-superficies-lisas-em-geral-tigre-linha-imobiliaria","status":"publish","type":"product","link":"https:\/\/twistercolors.com.br\/loja\/produto\/pincel-rolo-de-la-ref-1366-tinta-resina-epoxi-esmalte-e-oleo-superficie-metal-e-superficies-lisas-em-geral-tigre-linha-imobiliaria\/","title":{"rendered":"Pincel ROLO DE L\u00c3 &#8211; REF. 1366 &#8211; TINTA: RESINA, EP\u00d3XI, ESMALTE E \u00d3LEO &#8211; SUPERF\u00cdCIE: METAL E SUPERF\u00cdCIES LISAS EM GERAL Tigre Linha Imobili\u00e1ria"},"content":{"rendered":"<p>ROLO DE L\u00c3 &#8211; REF. 1366 &#8211; TINTA: RESINA, EP\u00d3XI, ESMALTE E \u00d3LEO &#8211; SUPERF\u00cdCIE: METAL E SUPERF\u00cdCIES LISAS EM GERAL Metais Rolos Linha Imobili\u00e1ria Tigre<\/p>\n","protected":false},"excerpt":{"rendered":"<p>ROLO DE L\u00c3 &#8211; REF. 1366 &#8211; TINTA: RESINA, EP\u00d3XI, ESMALTE E \u00d3LEO &#8211; SUPERF\u00cdCIE: METAL E SUPERF\u00cdCIES LISAS EM GERAL Metais Rolos Linha Imobili\u00e1ria Tigre<\/p>\n","protected":false},"featured_media":1298,"comment_status":"closed","ping_status":"open","template":"","meta":{"om_disable_all_campaigns":false,"_exactmetrics_skip_tracking":false,"_exactmetrics_sitenote_active":false,"_exactmetrics_sitenote_note":"","_exactmetrics_sitenote_category":0,"_monsterinsights_skip_tracking":false,"_monsterinsights_sitenote_active":false,"_monsterinsights_sitenote_note":"","_monsterinsights_sitenote_category":0},"product_cat":[458,466,456,464,457],"product_tag":[],"aioseo_notices":[],"_links":{"self":[{"href":"https:\/\/twistercolors.com.br\/loja\/wp-json\/wp\/v2\/product\/1297"}],"collection":[{"href":"https:\/\/twistercolors.com.br\/loja\/wp-json\/wp\/v2\/product"}],"about":[{"href":"https:\/\/twistercolors.com.br\/loja\/wp-json\/wp\/v2\/types\/product"}],"replies":[{"embeddable":true,"href":"https:\/\/twistercolors.com.br\/loja\/wp-json\/wp\/v2\/comments?post=1297"}],"wp:featuredmedia":[{"embeddable":true,"href":"https:\/\/twistercolors.com.br\/loja\/wp-json\/wp\/v2\/media\/1298"}],"wp:attachment":[{"href":"https:\/\/twistercolors.com.br\/loja\/wp-json\/wp\/v2\/media?parent=1297"}],"wp:term":[{"taxonomy":"product_cat","embeddable":true,"href":"https:\/\/twistercolors.com.br\/loja\/wp-json\/wp\/v2\/product_cat?post=1297"},{"taxonomy":"product_tag","embeddable":true,"href":"https:\/\/twistercolors.com.br\/loja\/wp-json\/wp\/v2\/product_tag?post=1297"}],"curies":[{"name":"wp","href":"https:\/\/api.w.org\/{rel}","templated":true}]}}