{"id":1349,"date":"2019-11-19T16:04:29","date_gmt":"2019-11-19T19:04:29","guid":{"rendered":"https:\/\/twistercolors.com.br\/loja\/produto\/pincel-bandeja-plastica-ref-2304-tinta-uso-geral-solventes-resistente-tigre-linha-imobiliaria\/"},"modified":"2019-11-19T16:04:29","modified_gmt":"2019-11-19T19:04:29","slug":"pincel-bandeja-plastica-ref-2304-tinta-uso-geral-solventes-resistente-tigre-linha-imobiliaria","status":"publish","type":"product","link":"https:\/\/twistercolors.com.br\/loja\/produto\/pincel-bandeja-plastica-ref-2304-tinta-uso-geral-solventes-resistente-tigre-linha-imobiliaria\/","title":{"rendered":"Pincel BANDEJA PL\u00c1STICA &#8211; REF. 2304 &#8211; TINTA: USO GERAL &#8211; SOLVENTES: RESISTENTE Tigre Linha Imobili\u00e1ria"},"content":{"rendered":"<p>BANDEJA PL\u00c1STICA &#8211; REF. 2304 &#8211; TINTA: USO GERAL &#8211; SOLVENTES: RESISTENTE Acess\u00f3rios Acess\u00f3rios Linha Imobili\u00e1ria Tigre<\/p>\n","protected":false},"excerpt":{"rendered":"<p>BANDEJA PL\u00c1STICA &#8211; REF. 2304 &#8211; TINTA: USO GERAL &#8211; SOLVENTES: RESISTENTE Acess\u00f3rios Acess\u00f3rios Linha Imobili\u00e1ria Tigre<\/p>\n","protected":false},"featured_media":1350,"comment_status":"closed","ping_status":"open","template":"","meta":{"om_disable_all_campaigns":false,"_exactmetrics_skip_tracking":false,"_exactmetrics_sitenote_active":false,"_exactmetrics_sitenote_note":"","_exactmetrics_sitenote_category":0,"_monsterinsights_skip_tracking":false,"_monsterinsights_sitenote_active":false,"_monsterinsights_sitenote_note":"","_monsterinsights_sitenote_category":0},"product_cat":[476,477,458,456,457],"product_tag":[],"aioseo_notices":[],"_links":{"self":[{"href":"https:\/\/twistercolors.com.br\/loja\/wp-json\/wp\/v2\/product\/1349"}],"collection":[{"href":"https:\/\/twistercolors.com.br\/loja\/wp-json\/wp\/v2\/product"}],"about":[{"href":"https:\/\/twistercolors.com.br\/loja\/wp-json\/wp\/v2\/types\/product"}],"replies":[{"embeddable":true,"href":"https:\/\/twistercolors.com.br\/loja\/wp-json\/wp\/v2\/comments?post=1349"}],"wp:featuredmedia":[{"embeddable":true,"href":"https:\/\/twistercolors.com.br\/loja\/wp-json\/wp\/v2\/media\/1350"}],"wp:attachment":[{"href":"https:\/\/twistercolors.com.br\/loja\/wp-json\/wp\/v2\/media?parent=1349"}],"wp:term":[{"taxonomy":"product_cat","embeddable":true,"href":"https:\/\/twistercolors.com.br\/loja\/wp-json\/wp\/v2\/product_cat?post=1349"},{"taxonomy":"product_tag","embeddable":true,"href":"https:\/\/twistercolors.com.br\/loja\/wp-json\/wp\/v2\/product_tag?post=1349"}],"curies":[{"name":"wp","href":"https:\/\/api.w.org\/{rel}","templated":true}]}}