{"id":139,"date":"2019-11-15T12:51:11","date_gmt":"2019-11-15T15:51:11","guid":{"rendered":"https:\/\/twistercolors.com.br\/loja\/produto\/fita-dupla-face-de-espuma-de-polietileno-385-adere\/"},"modified":"2019-11-15T12:51:11","modified_gmt":"2019-11-15T15:51:11","slug":"fita-dupla-face-de-espuma-de-polietileno-385-adere","status":"publish","type":"product","link":"https:\/\/twistercolors.com.br\/loja\/produto\/fita-dupla-face-de-espuma-de-polietileno-385-adere\/","title":{"rendered":"Fita Dupla Face de Espuma de Polietileno 385 Adere"},"content":{"rendered":"<p>Fita Dupla Face de Espuma de Polietileno 385     A fita Dupla Face de Espuma para Fixa\u00e7\u00e3o de Canaletas 385 \u00e9 composta um dorso de espuma de polietileno branco de c\u00e9lulas fechadas e espessura de 1.0mm com adesivo acr\u00edlico e resina.Sua espuma de alta performance com pol\u00edmero sint\u00e9tico associada ao adesivo conferem as seguintes caracter\u00edsticas ao produto:- Fixa\u00e7\u00e3o segura- Excelente resist\u00eancia \u00e0 intemp\u00e9ries- F\u00e1cil de aplicar- Excelente resist\u00eancia a temperatura             Aplica\u00e7\u00e3o         Fita especialmente desenvolvida para fixa\u00e7\u00e3o de canaletas, podendo ser tamb\u00e9m utilizada para fixa\u00e7\u00e3o de pe\u00e7as leves. Produto recomendado para pesos at\u00e9 300 gramas.As superf\u00edcies a serem coladas devem estar limpas e secas para se obter boa ades\u00e3o; Aplique a Fita Dupla-Face sobre o objeto a ser fixado;. Retire o papel protetor (liner);. Aplique o objeto sobre a superf\u00edcie desejada;. Pressione com for\u00e7a durante alguns segundos;. Espere 24h antes de pendurar algum peso para que o adesivo adquira a efici\u00eancia necess\u00e1ria. Para informa\u00e7\u00f5es sobre o descarte do produto Clique Aqui!                 Mercados                                      Arquitetura e Comunica\u00e7\u00e3o Visual                             Linha Branca e Refrigera\u00e7\u00e3o Comercial                             El\u00e9trica e Eletr\u00f4nica                             Constru\u00e7\u00e3o e Manuten\u00e7\u00e3o                                          Cadastre-se e compre<\/p>\n<p>Marca Adere<\/p>\n","protected":false},"excerpt":{"rendered":"<p>Fita Dupla Face de Espuma de Polietileno 385<br \/>\n    A fita Dupla Face de Espuma para Fixa\u00e7\u00e3o de Canaletas 385 \u00e9 composta um dorso de espuma de polietileno branco de c\u00e9lulas fechadas e espessura de 1.0mm com adesivo acr\u00edlico e resina.Sua espuma de alta performance com pol\u00edmero sint\u00e9tico associada ao adesivo conferem as seguintes caracter\u00edsticas ao produto:- Fixa\u00e7\u00e3o segura- Excelente resist\u00eancia \u00e0 intemp\u00e9ries- F\u00e1cil de aplicar- Excelente resist\u00eancia a temperatura<br \/>\n            Aplica\u00e7\u00e3o<br \/>\n        Fita especialmente desenvolvida para fixa\u00e7\u00e3o de canaletas, podendo ser tamb\u00e9m utilizada para fixa\u00e7\u00e3o de pe\u00e7as leves. Produto recomendado para pesos at\u00e9 300 gramas.As superf\u00edcies a serem coladas devem estar limpas e secas para se obter boa ades\u00e3o; Aplique a Fita Dupla-Face sobre o objeto a ser fixado;. Retire o papel protetor (liner);. Aplique o objeto sobre a superf\u00edcie desejada;. Pressione com for\u00e7a durante alguns segundos;. Espere 24h antes de pendurar algum peso para que o adesivo adquira a efici\u00eancia necess\u00e1ria.<br \/>\nPara informa\u00e7\u00f5es sobre o descarte do produto Clique Aqui!<br \/>\n                Mercados<\/p>\n<p>                            Arquitetura e Comunica\u00e7\u00e3o Visual<br \/>\n                            Linha Branca e Refrigera\u00e7\u00e3o Comercial<br \/>\n                            El\u00e9trica e Eletr\u00f4nica<br \/>\n                            Constru\u00e7\u00e3o e Manuten\u00e7\u00e3o<\/p>\n<p>                    Cadastre-se e compre<\/p>\n","protected":false},"featured_media":140,"comment_status":"closed","ping_status":"open","template":"","meta":{"om_disable_all_campaigns":false,"_exactmetrics_skip_tracking":false,"_exactmetrics_sitenote_active":false,"_exactmetrics_sitenote_note":"","_exactmetrics_sitenote_category":0,"_monsterinsights_skip_tracking":false,"_monsterinsights_sitenote_active":false,"_monsterinsights_sitenote_note":"","_monsterinsights_sitenote_category":0},"product_cat":[19,107,44,26,20],"product_tag":[],"aioseo_notices":[],"_links":{"self":[{"href":"https:\/\/twistercolors.com.br\/loja\/wp-json\/wp\/v2\/product\/139"}],"collection":[{"href":"https:\/\/twistercolors.com.br\/loja\/wp-json\/wp\/v2\/product"}],"about":[{"href":"https:\/\/twistercolors.com.br\/loja\/wp-json\/wp\/v2\/types\/product"}],"replies":[{"embeddable":true,"href":"https:\/\/twistercolors.com.br\/loja\/wp-json\/wp\/v2\/comments?post=139"}],"wp:featuredmedia":[{"embeddable":true,"href":"https:\/\/twistercolors.com.br\/loja\/wp-json\/wp\/v2\/media\/140"}],"wp:attachment":[{"href":"https:\/\/twistercolors.com.br\/loja\/wp-json\/wp\/v2\/media?parent=139"}],"wp:term":[{"taxonomy":"product_cat","embeddable":true,"href":"https:\/\/twistercolors.com.br\/loja\/wp-json\/wp\/v2\/product_cat?post=139"},{"taxonomy":"product_tag","embeddable":true,"href":"https:\/\/twistercolors.com.br\/loja\/wp-json\/wp\/v2\/product_tag?post=139"}],"curies":[{"name":"wp","href":"https:\/\/api.w.org\/{rel}","templated":true}]}}