{"id":145,"date":"2019-11-15T12:51:11","date_gmt":"2019-11-15T15:51:11","guid":{"rendered":"https:\/\/twistercolors.com.br\/loja\/produto\/fita-dupla-face-calcadista-44613-adere\/"},"modified":"2019-11-15T12:51:11","modified_gmt":"2019-11-15T15:51:11","slug":"fita-dupla-face-calcadista-44613-adere","status":"publish","type":"product","link":"https:\/\/twistercolors.com.br\/loja\/produto\/fita-dupla-face-calcadista-44613-adere\/","title":{"rendered":"Fita Dupla Face Cal\u00e7adista 44613 Adere"},"content":{"rendered":"<p>Fita Dupla Face Cal\u00e7adista 44613     A Fita Dupla Face de Tecido 44613 \u00e9 composta por um dorso de tecido sint\u00e9tico de gramatura 140g\/m\u00b2, adesivado com um adesivo \u00e0 base de borracha. Liner composto de papel super calandrado siliconizado (80 g\/m2). Dispon\u00edvel nas cores Preta e\u00a0Branca.             Aplica\u00e7\u00e3o         Utilizada principalmente para refor\u00e7o de cabedais, refor\u00e7o de couros a serem vazados, prepara\u00e7\u00e3o de pe\u00e7as, refor\u00e7o em geral e para fazer tiras viradas. Para informa\u00e7\u00f5es sobre o descarte do produto Clique Aqui!                 Mercados                                      Cal\u00e7adista e T\u00eaxtil                                          Cadastre-se e compre<\/p>\n<p>Marca Adere<\/p>\n","protected":false},"excerpt":{"rendered":"<p>Fita Dupla Face Cal\u00e7adista 44613<br \/>\n    A Fita Dupla Face de Tecido 44613 \u00e9 composta por um dorso de tecido sint\u00e9tico de gramatura 140g\/m\u00b2, adesivado com um adesivo \u00e0 base de borracha. Liner composto de papel super calandrado siliconizado (80 g\/m2). Dispon\u00edvel nas cores Preta e\u00a0Branca.<br \/>\n            Aplica\u00e7\u00e3o<br \/>\n        Utilizada principalmente para refor\u00e7o de cabedais, refor\u00e7o de couros a serem vazados, prepara\u00e7\u00e3o de pe\u00e7as, refor\u00e7o em geral e para fazer tiras viradas.<br \/>\nPara informa\u00e7\u00f5es sobre o descarte do produto Clique Aqui!<br \/>\n                Mercados<\/p>\n<p>                            Cal\u00e7adista e T\u00eaxtil<\/p>\n<p>                    Cadastre-se e compre<\/p>\n","protected":false},"featured_media":146,"comment_status":"closed","ping_status":"open","template":"","meta":{"om_disable_all_campaigns":false,"_exactmetrics_skip_tracking":false,"_exactmetrics_sitenote_active":false,"_exactmetrics_sitenote_note":"","_exactmetrics_sitenote_category":0,"_monsterinsights_skip_tracking":false,"_monsterinsights_sitenote_active":false,"_monsterinsights_sitenote_note":"","_monsterinsights_sitenote_category":0},"product_cat":[19,110,109,24,20],"product_tag":[],"aioseo_notices":[],"_links":{"self":[{"href":"https:\/\/twistercolors.com.br\/loja\/wp-json\/wp\/v2\/product\/145"}],"collection":[{"href":"https:\/\/twistercolors.com.br\/loja\/wp-json\/wp\/v2\/product"}],"about":[{"href":"https:\/\/twistercolors.com.br\/loja\/wp-json\/wp\/v2\/types\/product"}],"replies":[{"embeddable":true,"href":"https:\/\/twistercolors.com.br\/loja\/wp-json\/wp\/v2\/comments?post=145"}],"wp:featuredmedia":[{"embeddable":true,"href":"https:\/\/twistercolors.com.br\/loja\/wp-json\/wp\/v2\/media\/146"}],"wp:attachment":[{"href":"https:\/\/twistercolors.com.br\/loja\/wp-json\/wp\/v2\/media?parent=145"}],"wp:term":[{"taxonomy":"product_cat","embeddable":true,"href":"https:\/\/twistercolors.com.br\/loja\/wp-json\/wp\/v2\/product_cat?post=145"},{"taxonomy":"product_tag","embeddable":true,"href":"https:\/\/twistercolors.com.br\/loja\/wp-json\/wp\/v2\/product_tag?post=145"}],"curies":[{"name":"wp","href":"https:\/\/api.w.org\/{rel}","templated":true}]}}