{"id":155,"date":"2019-11-15T12:51:35","date_gmt":"2019-11-15T15:51:35","guid":{"rendered":"https:\/\/twistercolors.com.br\/loja\/produto\/fita-antiderrapante-867-vagalume-neon-adere\/"},"modified":"2019-11-15T12:51:35","modified_gmt":"2019-11-15T15:51:35","slug":"fita-antiderrapante-867-vagalume-neon-adere","status":"publish","type":"product","link":"https:\/\/twistercolors.com.br\/loja\/produto\/fita-antiderrapante-867-vagalume-neon-adere\/","title":{"rendered":"Fita Antiderrapante 867 Vagalume (Neon) Adere"},"content":{"rendered":"<p>Fita Antiderrapante 867 Vagalume (Neon)     Fita adesiva composta por filme de PVC (0,100mm de espessura) e resinas sint\u00e9ticas \u00e0 prova d\u00b4\u00e1gua. Adesivo acr\u00edlico sens\u00edvel \u00e0 press\u00e3o base d\u00b4\u00e1gua.             Aplica\u00e7\u00e3o         Este produto \u00e9 utilizado como elemento antiderrapante, aplicado em pisos de edifica\u00e7\u00f5es, barcos e outras superf\u00edcies lisas onde exista risco de quedas.Cuidados na aplica\u00e7\u00e3o do produto:- Certificar-se de que a superf\u00edcie onde o produto ser\u00e1 aplicado esteja limpa e isenta de qualquer tipo de contaminante que possa comprometer a ades\u00e3o da fita \u00e0 superf\u00edcie de aplica\u00e7\u00e3o.- Limpar a superf\u00edcie com pano embebido em \u00e1lcool ou acetona para remover a umidade da superf\u00edcie.- Em superf\u00edcies porosas, recomenda-se a utiliza\u00e7\u00e3o de primer e vedador de bordas para evitar entrada de umidade que possa comprometer a ades\u00e3o da fita na superf\u00edcie.- Ap\u00f3s coloca\u00e7\u00e3o da fita na superf\u00edcie, bater na fita com um martelo de borracha para \u00a0fix\u00e1-la adequadamente \u00e0 superf\u00edcie de aplica\u00e7\u00e3o. Para informa\u00e7\u00f5es sobre o descarte do produto Clique Aqui!                 Mercados                                      Arquitetura e Comunica\u00e7\u00e3o Visual                             Constru\u00e7\u00e3o e Manuten\u00e7\u00e3o                             Supermercados e Papelarias                                          Cadastre-se e compre<\/p>\n<p>Marca Adere<\/p>\n","protected":false},"excerpt":{"rendered":"<p>Fita Antiderrapante 867 Vagalume (Neon)<br \/>\n    Fita adesiva composta por filme de PVC (0,100mm de espessura) e resinas sint\u00e9ticas \u00e0 prova d\u00b4\u00e1gua. Adesivo acr\u00edlico sens\u00edvel \u00e0 press\u00e3o base d\u00b4\u00e1gua.<br \/>\n            Aplica\u00e7\u00e3o<br \/>\n        Este produto \u00e9 utilizado como elemento antiderrapante, aplicado em pisos de edifica\u00e7\u00f5es, barcos e outras superf\u00edcies lisas onde exista risco de quedas.Cuidados na aplica\u00e7\u00e3o do produto:- Certificar-se de que a superf\u00edcie onde o produto ser\u00e1 aplicado esteja limpa e isenta de qualquer tipo de contaminante que possa comprometer a ades\u00e3o da fita \u00e0 superf\u00edcie de aplica\u00e7\u00e3o.- Limpar a superf\u00edcie com pano embebido em \u00e1lcool ou acetona para remover a umidade da superf\u00edcie.- Em superf\u00edcies porosas, recomenda-se a utiliza\u00e7\u00e3o de primer e vedador de bordas para evitar entrada de umidade que possa comprometer a ades\u00e3o da fita na superf\u00edcie.- Ap\u00f3s coloca\u00e7\u00e3o da fita na superf\u00edcie, bater na fita com um martelo de borracha para \u00a0fix\u00e1-la adequadamente \u00e0 superf\u00edcie de aplica\u00e7\u00e3o.<br \/>\nPara informa\u00e7\u00f5es sobre o descarte do produto Clique Aqui!<br \/>\n                Mercados<\/p>\n<p>                            Arquitetura e Comunica\u00e7\u00e3o Visual<br \/>\n                            Constru\u00e7\u00e3o e Manuten\u00e7\u00e3o<br \/>\n                            Supermercados e Papelarias<\/p>\n<p>                    Cadastre-se e compre<\/p>\n","protected":false},"featured_media":156,"comment_status":"closed","ping_status":"open","template":"","meta":{"om_disable_all_campaigns":false,"_exactmetrics_skip_tracking":false,"_exactmetrics_sitenote_active":false,"_exactmetrics_sitenote_note":"","_exactmetrics_sitenote_category":0,"_monsterinsights_skip_tracking":false,"_monsterinsights_sitenote_active":false,"_monsterinsights_sitenote_note":"","_monsterinsights_sitenote_category":0},"product_cat":[19,37,115,31,20],"product_tag":[],"aioseo_notices":[],"_links":{"self":[{"href":"https:\/\/twistercolors.com.br\/loja\/wp-json\/wp\/v2\/product\/155"}],"collection":[{"href":"https:\/\/twistercolors.com.br\/loja\/wp-json\/wp\/v2\/product"}],"about":[{"href":"https:\/\/twistercolors.com.br\/loja\/wp-json\/wp\/v2\/types\/product"}],"replies":[{"embeddable":true,"href":"https:\/\/twistercolors.com.br\/loja\/wp-json\/wp\/v2\/comments?post=155"}],"wp:featuredmedia":[{"embeddable":true,"href":"https:\/\/twistercolors.com.br\/loja\/wp-json\/wp\/v2\/media\/156"}],"wp:attachment":[{"href":"https:\/\/twistercolors.com.br\/loja\/wp-json\/wp\/v2\/media?parent=155"}],"wp:term":[{"taxonomy":"product_cat","embeddable":true,"href":"https:\/\/twistercolors.com.br\/loja\/wp-json\/wp\/v2\/product_cat?post=155"},{"taxonomy":"product_tag","embeddable":true,"href":"https:\/\/twistercolors.com.br\/loja\/wp-json\/wp\/v2\/product_tag?post=155"}],"curies":[{"name":"wp","href":"https:\/\/api.w.org\/{rel}","templated":true}]}}