{"id":163,"date":"2019-11-15T12:51:35","date_gmt":"2019-11-15T15:51:35","guid":{"rendered":"https:\/\/twistercolors.com.br\/loja\/produto\/fita-filamentosa-de-poliester-821-adere\/"},"modified":"2019-11-15T12:51:35","modified_gmt":"2019-11-15T15:51:35","slug":"fita-filamentosa-de-poliester-821-adere","status":"publish","type":"product","link":"https:\/\/twistercolors.com.br\/loja\/produto\/fita-filamentosa-de-poliester-821-adere\/","title":{"rendered":"Fita Filamentosa de Poli\u00e9ster 821 Adere"},"content":{"rendered":"<p>Fita Filamentosa de Poli\u00e9ster 821     Filme de Poli\u00e9ster o na cor branca, refor\u00e7ado com fibra de vidro e adesivo de borracha.             Aplica\u00e7\u00e3o         &#8211; Paletiza\u00e7\u00e3o de embalagens &#8211; Enfeixamento de tubos e barras &#8211; Empacotamento pesado &#8211; Fechamento de bobinas met\u00e1licas &#8211; Teste de ancoragem de pintura &#8211; Refor\u00e7o e fechamento de cabos &#8211; Estrutura\u00e7\u00e3o de cord\u00e3o umbilical para sonda mar\u00edtima &#8211; Aplica\u00e7\u00f5es gerais onde a resist\u00eancia \u00e0 tra\u00e7\u00e3o e boa ades\u00e3o s\u00e3o requeridas Para informa\u00e7\u00f5es sobre o descarte do produto Clique Aqui!                 Mercados                                      Empacotamento e Refor\u00e7o                             Arquitetura e Comunica\u00e7\u00e3o Visual                             El\u00e9trica e Eletr\u00f4nica                                          Cadastre-se e compre<\/p>\n<p>Marca Adere<\/p>\n","protected":false},"excerpt":{"rendered":"<p>Fita Filamentosa de Poli\u00e9ster 821<br \/>\n    Filme de Poli\u00e9ster o na cor branca, refor\u00e7ado com fibra de vidro e adesivo de borracha.<br \/>\n            Aplica\u00e7\u00e3o<br \/>\n        &#8211; Paletiza\u00e7\u00e3o de embalagens &#8211; Enfeixamento de tubos e barras &#8211; Empacotamento pesado &#8211; Fechamento de bobinas met\u00e1licas &#8211; Teste de ancoragem de pintura &#8211; Refor\u00e7o e fechamento de cabos &#8211; Estrutura\u00e7\u00e3o de cord\u00e3o umbilical para sonda mar\u00edtima &#8211; Aplica\u00e7\u00f5es gerais onde a resist\u00eancia \u00e0 tra\u00e7\u00e3o e boa ades\u00e3o s\u00e3o requeridas<br \/>\nPara informa\u00e7\u00f5es sobre o descarte do produto Clique Aqui!<br \/>\n                Mercados<\/p>\n<p>                            Empacotamento e Refor\u00e7o<br \/>\n                            Arquitetura e Comunica\u00e7\u00e3o Visual<br \/>\n                            El\u00e9trica e Eletr\u00f4nica<\/p>\n<p>                    Cadastre-se e compre<\/p>\n","protected":false},"featured_media":164,"comment_status":"closed","ping_status":"open","template":"","meta":{"om_disable_all_campaigns":false,"_exactmetrics_skip_tracking":false,"_exactmetrics_sitenote_active":false,"_exactmetrics_sitenote_note":"","_exactmetrics_sitenote_category":0,"_monsterinsights_skip_tracking":false,"_monsterinsights_sitenote_active":false,"_monsterinsights_sitenote_note":"","_monsterinsights_sitenote_category":0},"product_cat":[19,66,121,65,20],"product_tag":[],"aioseo_notices":[],"_links":{"self":[{"href":"https:\/\/twistercolors.com.br\/loja\/wp-json\/wp\/v2\/product\/163"}],"collection":[{"href":"https:\/\/twistercolors.com.br\/loja\/wp-json\/wp\/v2\/product"}],"about":[{"href":"https:\/\/twistercolors.com.br\/loja\/wp-json\/wp\/v2\/types\/product"}],"replies":[{"embeddable":true,"href":"https:\/\/twistercolors.com.br\/loja\/wp-json\/wp\/v2\/comments?post=163"}],"wp:featuredmedia":[{"embeddable":true,"href":"https:\/\/twistercolors.com.br\/loja\/wp-json\/wp\/v2\/media\/164"}],"wp:attachment":[{"href":"https:\/\/twistercolors.com.br\/loja\/wp-json\/wp\/v2\/media?parent=163"}],"wp:term":[{"taxonomy":"product_cat","embeddable":true,"href":"https:\/\/twistercolors.com.br\/loja\/wp-json\/wp\/v2\/product_cat?post=163"},{"taxonomy":"product_tag","embeddable":true,"href":"https:\/\/twistercolors.com.br\/loja\/wp-json\/wp\/v2\/product_tag?post=163"}],"curies":[{"name":"wp","href":"https:\/\/api.w.org\/{rel}","templated":true}]}}