{"id":168,"date":"2019-11-15T12:51:35","date_gmt":"2019-11-15T15:51:35","guid":{"rendered":"https:\/\/twistercolors.com.br\/loja\/produto\/simples-face-de-aluminio-231sl-adere\/"},"modified":"2019-11-15T12:51:35","modified_gmt":"2019-11-15T15:51:35","slug":"simples-face-de-aluminio-231sl-adere","status":"publish","type":"product","link":"https:\/\/twistercolors.com.br\/loja\/produto\/simples-face-de-aluminio-231sl-adere\/","title":{"rendered":"Simples Face de Alum\u00ednio 231SL Adere"},"content":{"rendered":"<p>Simples Face de Alum\u00ednio 231SL     Fita com dorso de Alum\u00ednio (0,030 mm) tratado, sem liner, com adesivo acr\u00edlico de alta performance, e cor prata.             Aplica\u00e7\u00e3o         Fixa\u00e7\u00e3o de tubos de cobre em chapas met\u00e1licas em sistemas de refrigera\u00e7\u00e3o.Veda\u00e7\u00e3o de chapas de policarbonato alveolar. Emenda de manta de sobcobertura.Emenda de chapas e cobrimento de tubos em repara\u00e7\u00e3o automotiva.Blindagem eletromagn\u00e9tica e condu\u00e7\u00e3o el\u00e9trica.\u00a0Obs: Para melhor desempenho do produto a aplica\u00e7\u00e3o deve ser feita entre 20\u00b0C a 30\u00b0C, em superf\u00edcie limpa, isenta de subst\u00e2ncias gordurosas, poeira ou qualquer tipo de contamina\u00e7\u00e3o que possa comprometer o desempenho do adesivo.Produto recomendado para uso em \u00e1reas internas em temperaturas entre -30\u00b0C a 60\u00b0C. Para informa\u00e7\u00f5es sobre o descarte do produto Clique Aqui!                 Mercados                                      Linha Branca e Refrigera\u00e7\u00e3o Comercial                             Constru\u00e7\u00e3o e Manuten\u00e7\u00e3o                             Automotivo e Transportes                                          Cadastre-se e compre<\/p>\n<p>Marca Adere<\/p>\n","protected":false},"excerpt":{"rendered":"<p>Simples Face de Alum\u00ednio 231SL<br \/>\n    Fita com dorso de Alum\u00ednio (0,030 mm) tratado, sem liner, com adesivo acr\u00edlico de alta performance, e cor prata.<br \/>\n            Aplica\u00e7\u00e3o<br \/>\n        Fixa\u00e7\u00e3o de tubos de cobre em chapas met\u00e1licas em sistemas de refrigera\u00e7\u00e3o.Veda\u00e7\u00e3o de chapas de policarbonato alveolar. Emenda de manta de sobcobertura.Emenda de chapas e cobrimento de tubos em repara\u00e7\u00e3o automotiva.Blindagem eletromagn\u00e9tica e condu\u00e7\u00e3o el\u00e9trica.\u00a0Obs: Para melhor desempenho do produto a aplica\u00e7\u00e3o deve ser feita entre 20\u00b0C a 30\u00b0C, em superf\u00edcie limpa, isenta de subst\u00e2ncias gordurosas, poeira ou qualquer tipo de contamina\u00e7\u00e3o que possa comprometer o desempenho do adesivo.Produto recomendado para uso em \u00e1reas internas em temperaturas entre -30\u00b0C a 60\u00b0C.<br \/>\nPara informa\u00e7\u00f5es sobre o descarte do produto Clique Aqui!<br \/>\n                Mercados<\/p>\n<p>                            Linha Branca e Refrigera\u00e7\u00e3o Comercial<br \/>\n                            Constru\u00e7\u00e3o e Manuten\u00e7\u00e3o<br \/>\n                            Automotivo e Transportes<\/p>\n<p>                    Cadastre-se e compre<\/p>\n","protected":false},"featured_media":169,"comment_status":"closed","ping_status":"open","template":"","meta":{"om_disable_all_campaigns":false,"_exactmetrics_skip_tracking":false,"_exactmetrics_sitenote_active":false,"_exactmetrics_sitenote_note":"","_exactmetrics_sitenote_category":0,"_monsterinsights_skip_tracking":false,"_monsterinsights_sitenote_active":false,"_monsterinsights_sitenote_note":"","_monsterinsights_sitenote_category":0},"product_cat":[19,91,31,123,20],"product_tag":[],"aioseo_notices":[],"_links":{"self":[{"href":"https:\/\/twistercolors.com.br\/loja\/wp-json\/wp\/v2\/product\/168"}],"collection":[{"href":"https:\/\/twistercolors.com.br\/loja\/wp-json\/wp\/v2\/product"}],"about":[{"href":"https:\/\/twistercolors.com.br\/loja\/wp-json\/wp\/v2\/types\/product"}],"replies":[{"embeddable":true,"href":"https:\/\/twistercolors.com.br\/loja\/wp-json\/wp\/v2\/comments?post=168"}],"wp:featuredmedia":[{"embeddable":true,"href":"https:\/\/twistercolors.com.br\/loja\/wp-json\/wp\/v2\/media\/169"}],"wp:attachment":[{"href":"https:\/\/twistercolors.com.br\/loja\/wp-json\/wp\/v2\/media?parent=168"}],"wp:term":[{"taxonomy":"product_cat","embeddable":true,"href":"https:\/\/twistercolors.com.br\/loja\/wp-json\/wp\/v2\/product_cat?post=168"},{"taxonomy":"product_tag","embeddable":true,"href":"https:\/\/twistercolors.com.br\/loja\/wp-json\/wp\/v2\/product_tag?post=168"}],"curies":[{"name":"wp","href":"https:\/\/api.w.org\/{rel}","templated":true}]}}