{"id":172,"date":"2019-11-15T12:51:35","date_gmt":"2019-11-15T15:51:35","guid":{"rendered":"https:\/\/twistercolors.com.br\/loja\/produto\/fita-dupla-face-de-espuma-fita-banana-281-adere\/"},"modified":"2019-11-15T12:51:35","modified_gmt":"2019-11-15T15:51:35","slug":"fita-dupla-face-de-espuma-fita-banana-281-adere","status":"publish","type":"product","link":"https:\/\/twistercolors.com.br\/loja\/produto\/fita-dupla-face-de-espuma-fita-banana-281-adere\/","title":{"rendered":"Fita Dupla Face de Espuma &#8211; Fita Banana 281 Adere"},"content":{"rendered":"<p>Fita Dupla Face de Espuma &#8211; Fita Banana 281     A Dupla Face de Espuma para Fixa\u00e7\u00e3o 281 \u00e9 composta um dorso de espuma de polietileno branco de c\u00e9lulas fechadas e espessura de 1.0mm com adesivo acr\u00edlico e resina.Sua espuma de alta performance com pol\u00edmero sint\u00e9tico associada ao adesivo de alto tack conferem as seguintes caracter\u00edsticas ao produto:- Fixa\u00e7\u00e3o segura- Excelente resist\u00eancia \u00e0 intemp\u00e9ries- F\u00e1cil de aplicar- Excelente resist\u00eancia a temperatura- Excelente aplica\u00e7\u00e3o e ades\u00e3o em materiais r\u00edgidos             Aplica\u00e7\u00e3o         Produto indicado para:- Montagem e uni\u00e3o de placas, pl\u00e1sticos, sinais ou emblemas- Fixa\u00e7\u00e3o de artigos de metal ou pl\u00e1stico, utens\u00edlios dom\u00e9sticos e acess\u00f3rios de cozinha \/banheiro- Fixa\u00e7\u00e3o de cabides pl\u00e1sticos, quadros, cartazes em diversas superf\u00edciesImportante:- As superf\u00edcies a serem coladas devem estar limpas e secas para se obter boa ades\u00e3o- Aplique a Fita Dupla Face sobre o objeto a ser fixado e retire o liner protetor- Aplique o objeto sobre a superf\u00edcie desejada- Pressione com for\u00e7a durante alguns segundos- Para ganchos e cabides, espere 48h antes de pendurar algum peso para que o adesivo adquira a efici\u00eancia necess\u00e1ria Para informa\u00e7\u00f5es sobre o descarte do produto Clique Aqui!                 Mercados                                      Arquitetura e Comunica\u00e7\u00e3o Visual                             Linha Branca e Refrigera\u00e7\u00e3o Comercial                             El\u00e9trica e Eletr\u00f4nica                             Constru\u00e7\u00e3o e Manuten\u00e7\u00e3o                             Supermercados e Papelarias                             Automotivo e Transportes                                          Cadastre-se e compre<\/p>\n<p>Marca Adere<\/p>\n","protected":false},"excerpt":{"rendered":"<p>Fita Dupla Face de Espuma &#8211; Fita Banana 281<br \/>\n    A Dupla Face de Espuma para Fixa\u00e7\u00e3o 281 \u00e9 composta um dorso de espuma de polietileno branco de c\u00e9lulas fechadas e espessura de 1.0mm com adesivo acr\u00edlico e resina.Sua espuma de alta performance com pol\u00edmero sint\u00e9tico associada ao adesivo de alto tack conferem as seguintes caracter\u00edsticas ao produto:- Fixa\u00e7\u00e3o segura- Excelente resist\u00eancia \u00e0 intemp\u00e9ries- F\u00e1cil de aplicar- Excelente resist\u00eancia a temperatura- Excelente aplica\u00e7\u00e3o e ades\u00e3o em materiais r\u00edgidos<br \/>\n            Aplica\u00e7\u00e3o<br \/>\n        Produto indicado para:- Montagem e uni\u00e3o de placas, pl\u00e1sticos, sinais ou emblemas- Fixa\u00e7\u00e3o de artigos de metal ou pl\u00e1stico, utens\u00edlios dom\u00e9sticos e acess\u00f3rios de cozinha \/banheiro- Fixa\u00e7\u00e3o de cabides pl\u00e1sticos, quadros, cartazes em diversas superf\u00edciesImportante:- As superf\u00edcies a serem coladas devem estar limpas e secas para se obter boa ades\u00e3o- Aplique a Fita Dupla Face sobre o objeto a ser fixado e retire o liner protetor- Aplique o objeto sobre a superf\u00edcie desejada- Pressione com for\u00e7a durante alguns segundos- Para ganchos e cabides, espere 48h antes de pendurar algum peso para que o adesivo adquira a efici\u00eancia necess\u00e1ria<br \/>\nPara informa\u00e7\u00f5es sobre o descarte do produto Clique Aqui!<br \/>\n                Mercados<\/p>\n<p>                            Arquitetura e Comunica\u00e7\u00e3o Visual<br \/>\n                            Linha Branca e Refrigera\u00e7\u00e3o Comercial<br \/>\n                            El\u00e9trica e Eletr\u00f4nica<br \/>\n                            Constru\u00e7\u00e3o e Manuten\u00e7\u00e3o<br \/>\n                            Supermercados e Papelarias<br \/>\n                            Automotivo e Transportes<\/p>\n<p>                    Cadastre-se e compre<\/p>\n","protected":false},"featured_media":173,"comment_status":"closed","ping_status":"open","template":"","meta":{"om_disable_all_campaigns":false,"_exactmetrics_skip_tracking":false,"_exactmetrics_sitenote_active":false,"_exactmetrics_sitenote_note":"","_exactmetrics_sitenote_category":0,"_monsterinsights_skip_tracking":false,"_monsterinsights_sitenote_active":false,"_monsterinsights_sitenote_note":"","_monsterinsights_sitenote_category":0},"product_cat":[19,126,124,44,26,20],"product_tag":[],"aioseo_notices":[],"_links":{"self":[{"href":"https:\/\/twistercolors.com.br\/loja\/wp-json\/wp\/v2\/product\/172"}],"collection":[{"href":"https:\/\/twistercolors.com.br\/loja\/wp-json\/wp\/v2\/product"}],"about":[{"href":"https:\/\/twistercolors.com.br\/loja\/wp-json\/wp\/v2\/types\/product"}],"replies":[{"embeddable":true,"href":"https:\/\/twistercolors.com.br\/loja\/wp-json\/wp\/v2\/comments?post=172"}],"wp:featuredmedia":[{"embeddable":true,"href":"https:\/\/twistercolors.com.br\/loja\/wp-json\/wp\/v2\/media\/173"}],"wp:attachment":[{"href":"https:\/\/twistercolors.com.br\/loja\/wp-json\/wp\/v2\/media?parent=172"}],"wp:term":[{"taxonomy":"product_cat","embeddable":true,"href":"https:\/\/twistercolors.com.br\/loja\/wp-json\/wp\/v2\/product_cat?post=172"},{"taxonomy":"product_tag","embeddable":true,"href":"https:\/\/twistercolors.com.br\/loja\/wp-json\/wp\/v2\/product_tag?post=172"}],"curies":[{"name":"wp","href":"https:\/\/api.w.org\/{rel}","templated":true}]}}