{"id":183,"date":"2019-11-15T12:51:35","date_gmt":"2019-11-15T15:51:35","guid":{"rendered":"https:\/\/twistercolors.com.br\/loja\/produto\/fita-crepe-automotiva-425-adere\/"},"modified":"2019-11-15T12:51:35","modified_gmt":"2019-11-15T15:51:35","slug":"fita-crepe-automotiva-425-adere","status":"publish","type":"product","link":"https:\/\/twistercolors.com.br\/loja\/produto\/fita-crepe-automotiva-425-adere\/","title":{"rendered":"Fita Crepe Automotiva 425 Adere"},"content":{"rendered":"<p>Fita Crepe Automotiva 425     A Fita Crepe Automotiva Tapefix 425\u00a0 \u00e9 composta por papel crepe de gramatura 39g\/m\u00b2 na cor branca, tratado com solu\u00e7\u00e3o \u00e0 base de borracha.             Aplica\u00e7\u00e3o         Fita especialmente desenvolvida para pinturas automotivas, podendo ser aplicada no mascaramento com secagem em at\u00e9 100\u00baC. Quando aplicada a metais, borrachas, vidros e pe\u00e7as met\u00e1licas dos ve\u00edculos, a Fita Crepe Automotiva 425 (antiga TAPEFIX) n\u00e3o deixa res\u00edduos de cola ap\u00f3s sua remo\u00e7\u00e3o.Suporta at\u00e9 3 dias ao ar livre.Tamb\u00e9m pode ser utilizada em trabalhos em superf\u00edcies irregulares, fechamento de embalagens leves e refor\u00e7o de embalagens.Na ind\u00fastria, tem aplica\u00e7\u00e3o na fixa\u00e7\u00e3o e corre\u00e7\u00e3o de pap\u00e9is ou pl\u00e1sticos em bobinas e uso geral. Para informa\u00e7\u00f5es sobre o descarte do produto Clique Aqui!                 Mercados                                      Arquitetura e Comunica\u00e7\u00e3o Visual                             Linha Branca e Refrigera\u00e7\u00e3o Comercial                             Automotivo e Transportes                                          Cadastre-se e compre<\/p>\n<p>Marca Adere<\/p>\n","protected":false},"excerpt":{"rendered":"<p>Fita Crepe Automotiva 425<br \/>\n    A Fita Crepe Automotiva Tapefix 425\u00a0 \u00e9 composta por papel crepe de gramatura 39g\/m\u00b2 na cor branca, tratado com solu\u00e7\u00e3o \u00e0 base de borracha.<br \/>\n            Aplica\u00e7\u00e3o<br \/>\n        Fita especialmente desenvolvida para pinturas automotivas, podendo ser aplicada no mascaramento com secagem em at\u00e9 100\u00baC. Quando aplicada a metais, borrachas, vidros e pe\u00e7as met\u00e1licas dos ve\u00edculos, a Fita Crepe Automotiva 425 (antiga TAPEFIX) n\u00e3o deixa res\u00edduos de cola ap\u00f3s sua remo\u00e7\u00e3o.Suporta at\u00e9 3 dias ao ar livre.Tamb\u00e9m pode ser utilizada em trabalhos em superf\u00edcies irregulares, fechamento de embalagens leves e refor\u00e7o de embalagens.Na ind\u00fastria, tem aplica\u00e7\u00e3o na fixa\u00e7\u00e3o e corre\u00e7\u00e3o de pap\u00e9is ou pl\u00e1sticos em bobinas e uso geral.<br \/>\nPara informa\u00e7\u00f5es sobre o descarte do produto Clique Aqui!<br \/>\n                Mercados<\/p>\n<p>                            Arquitetura e Comunica\u00e7\u00e3o Visual<br \/>\n                            Linha Branca e Refrigera\u00e7\u00e3o Comercial<br \/>\n                            Automotivo e Transportes<\/p>\n<p>                    Cadastre-se e compre<\/p>\n","protected":false},"featured_media":184,"comment_status":"closed","ping_status":"open","template":"","meta":{"om_disable_all_campaigns":false,"_exactmetrics_skip_tracking":false,"_exactmetrics_sitenote_active":false,"_exactmetrics_sitenote_note":"","_exactmetrics_sitenote_category":0,"_monsterinsights_skip_tracking":false,"_monsterinsights_sitenote_active":false,"_monsterinsights_sitenote_note":"","_monsterinsights_sitenote_category":0},"product_cat":[19,55,133,33,20],"product_tag":[],"aioseo_notices":[],"_links":{"self":[{"href":"https:\/\/twistercolors.com.br\/loja\/wp-json\/wp\/v2\/product\/183"}],"collection":[{"href":"https:\/\/twistercolors.com.br\/loja\/wp-json\/wp\/v2\/product"}],"about":[{"href":"https:\/\/twistercolors.com.br\/loja\/wp-json\/wp\/v2\/types\/product"}],"replies":[{"embeddable":true,"href":"https:\/\/twistercolors.com.br\/loja\/wp-json\/wp\/v2\/comments?post=183"}],"wp:featuredmedia":[{"embeddable":true,"href":"https:\/\/twistercolors.com.br\/loja\/wp-json\/wp\/v2\/media\/184"}],"wp:attachment":[{"href":"https:\/\/twistercolors.com.br\/loja\/wp-json\/wp\/v2\/media?parent=183"}],"wp:term":[{"taxonomy":"product_cat","embeddable":true,"href":"https:\/\/twistercolors.com.br\/loja\/wp-json\/wp\/v2\/product_cat?post=183"},{"taxonomy":"product_tag","embeddable":true,"href":"https:\/\/twistercolors.com.br\/loja\/wp-json\/wp\/v2\/product_tag?post=183"}],"curies":[{"name":"wp","href":"https:\/\/api.w.org\/{rel}","templated":true}]}}