{"id":195,"date":"2019-11-15T12:51:58","date_gmt":"2019-11-15T15:51:58","guid":{"rendered":"https:\/\/twistercolors.com.br\/loja\/produto\/fita-de-demarcacao-de-solo-854-verde-adere\/"},"modified":"2019-11-15T12:51:58","modified_gmt":"2019-11-15T15:51:58","slug":"fita-de-demarcacao-de-solo-854-verde-adere","status":"publish","type":"product","link":"https:\/\/twistercolors.com.br\/loja\/produto\/fita-de-demarcacao-de-solo-854-verde-adere\/","title":{"rendered":"Fita de Demarca\u00e7\u00e3o de Solo 854 &#8211; Verde Adere"},"content":{"rendered":"<p>Fita de Demarca\u00e7\u00e3o de Solo 854 &#8211; Verde     Fita adesiva composta por filme de PVC de 0.12mm de espessura e alta resist\u00eancia, com adesivo \u00e0 base de borracha e resinas.             Aplica\u00e7\u00e3o         Fita indicada para demarca\u00e7\u00e3o de solo (piso) de quadras poliesportivas, ind\u00fastria, escrit\u00f3rio, bancos, shoppings, estacionamentos.Tamb\u00e9m possui aplica\u00e7\u00e3o em marca\u00e7\u00e3o de vidros transparentes e fum\u00eas e identifica\u00e7\u00e3o de instala\u00e7\u00f5es industriais (dutos de \u00f3leo, \u00e1gua, produtos).Utilizada em decora\u00e7\u00e3o e prote\u00e7\u00e3o.Obs.: Deve-se evitar limpeza do produto com solventes. A Fita de Demarca\u00e7\u00e3o de Solo dever\u00e1 ser aplicada em superf\u00edcies limpas e lisas, e n\u00e3o \u00e9 recomendada para superf\u00edcies rugosas e porosas. Manter o local livre de \u00e1gua e umidade por um per\u00edodo de 48 a 72hs ap\u00f3s a aplica\u00e7\u00e3o.\u00a0 Para informa\u00e7\u00f5es sobre o descarte do produto Clique Aqui!                 Mercados                                      Arquitetura e Comunica\u00e7\u00e3o Visual                             Constru\u00e7\u00e3o e Manuten\u00e7\u00e3o                             Automotivo e Transportes                                          Cadastre-se e compre<\/p>\n<p>Marca Adere<\/p>\n","protected":false},"excerpt":{"rendered":"<p>Fita de Demarca\u00e7\u00e3o de Solo 854 &#8211; Verde<br \/>\n    Fita adesiva composta por filme de PVC de 0.12mm de espessura e alta resist\u00eancia, com adesivo \u00e0 base de borracha e resinas.<br \/>\n            Aplica\u00e7\u00e3o<br \/>\n        Fita indicada para demarca\u00e7\u00e3o de solo (piso) de quadras poliesportivas, ind\u00fastria, escrit\u00f3rio, bancos, shoppings, estacionamentos.Tamb\u00e9m possui aplica\u00e7\u00e3o em marca\u00e7\u00e3o de vidros transparentes e fum\u00eas e identifica\u00e7\u00e3o de instala\u00e7\u00f5es industriais (dutos de \u00f3leo, \u00e1gua, produtos).Utilizada em decora\u00e7\u00e3o e prote\u00e7\u00e3o.Obs.: Deve-se evitar limpeza do produto com solventes. A Fita de Demarca\u00e7\u00e3o de Solo dever\u00e1 ser aplicada em superf\u00edcies limpas e lisas, e n\u00e3o \u00e9 recomendada para superf\u00edcies rugosas e porosas. Manter o local livre de \u00e1gua e umidade por um per\u00edodo de 48 a 72hs ap\u00f3s a aplica\u00e7\u00e3o.\u00a0<br \/>\nPara informa\u00e7\u00f5es sobre o descarte do produto Clique Aqui!<br \/>\n                Mercados<\/p>\n<p>                            Arquitetura e Comunica\u00e7\u00e3o Visual<br \/>\n                            Constru\u00e7\u00e3o e Manuten\u00e7\u00e3o<br \/>\n                            Automotivo e Transportes<\/p>\n<p>                    Cadastre-se e compre<\/p>\n","protected":false},"featured_media":196,"comment_status":"closed","ping_status":"open","template":"","meta":{"om_disable_all_campaigns":false,"_exactmetrics_skip_tracking":false,"_exactmetrics_sitenote_active":false,"_exactmetrics_sitenote_note":"","_exactmetrics_sitenote_category":0,"_monsterinsights_skip_tracking":false,"_monsterinsights_sitenote_active":false,"_monsterinsights_sitenote_note":"","_monsterinsights_sitenote_category":0},"product_cat":[19,139,48,31,20,140],"product_tag":[],"aioseo_notices":[],"_links":{"self":[{"href":"https:\/\/twistercolors.com.br\/loja\/wp-json\/wp\/v2\/product\/195"}],"collection":[{"href":"https:\/\/twistercolors.com.br\/loja\/wp-json\/wp\/v2\/product"}],"about":[{"href":"https:\/\/twistercolors.com.br\/loja\/wp-json\/wp\/v2\/types\/product"}],"replies":[{"embeddable":true,"href":"https:\/\/twistercolors.com.br\/loja\/wp-json\/wp\/v2\/comments?post=195"}],"wp:featuredmedia":[{"embeddable":true,"href":"https:\/\/twistercolors.com.br\/loja\/wp-json\/wp\/v2\/media\/196"}],"wp:attachment":[{"href":"https:\/\/twistercolors.com.br\/loja\/wp-json\/wp\/v2\/media?parent=195"}],"wp:term":[{"taxonomy":"product_cat","embeddable":true,"href":"https:\/\/twistercolors.com.br\/loja\/wp-json\/wp\/v2\/product_cat?post=195"},{"taxonomy":"product_tag","embeddable":true,"href":"https:\/\/twistercolors.com.br\/loja\/wp-json\/wp\/v2\/product_tag?post=195"}],"curies":[{"name":"wp","href":"https:\/\/api.w.org\/{rel}","templated":true}]}}