{"id":205,"date":"2019-11-15T12:51:58","date_gmt":"2019-11-15T15:51:58","guid":{"rendered":"https:\/\/twistercolors.com.br\/loja\/produto\/fita-crepe-hospitalar-427-s-adermed-adere\/"},"modified":"2019-11-15T12:51:58","modified_gmt":"2019-11-15T15:51:58","slug":"fita-crepe-hospitalar-427-s-adermed-adere","status":"publish","type":"product","link":"https:\/\/twistercolors.com.br\/loja\/produto\/fita-crepe-hospitalar-427-s-adermed-adere\/","title":{"rendered":"Fita Crepe Hospitalar 427\/S &#8211; ADERMED Adere"},"content":{"rendered":"<p>Fita Crepe Hospitalar 427\/S &#8211; ADERMED     Fita adesiva de papel crepe na cor branca, tratado com adesivo \u00e0 base de borracha e resina.             Aplica\u00e7\u00e3o         &#8211; Fixa\u00e7\u00e3o de Bandagens, em procedimentos ambulatoriais;- Ataduras;- Fechamento de pacotes leves;- Idetifica\u00e7\u00e3o de seringas e mamadeiras. Para informa\u00e7\u00f5es sobre o descarte do produto Clique Aqui!                 Mercados                                      Hospitalar                                          Cadastre-se e compre<\/p>\n<p>Marca Adere<\/p>\n","protected":false},"excerpt":{"rendered":"<p>Fita Crepe Hospitalar 427\/S &#8211; ADERMED<br \/>\n    Fita adesiva de papel crepe na cor branca, tratado com adesivo \u00e0 base de borracha e resina.<br \/>\n            Aplica\u00e7\u00e3o<br \/>\n        &#8211; Fixa\u00e7\u00e3o de Bandagens, em procedimentos ambulatoriais;- Ataduras;- Fechamento de pacotes leves;- Idetifica\u00e7\u00e3o de seringas e mamadeiras.<br \/>\nPara informa\u00e7\u00f5es sobre o descarte do produto Clique Aqui!<br \/>\n                Mercados<\/p>\n<p>                            Hospitalar<\/p>\n<p>                    Cadastre-se e compre<\/p>\n","protected":false},"featured_media":206,"comment_status":"closed","ping_status":"open","template":"","meta":{"om_disable_all_campaigns":false,"_exactmetrics_skip_tracking":false,"_exactmetrics_sitenote_active":false,"_exactmetrics_sitenote_note":"","_exactmetrics_sitenote_category":0,"_monsterinsights_skip_tracking":false,"_monsterinsights_sitenote_active":false,"_monsterinsights_sitenote_note":"","_monsterinsights_sitenote_category":0},"product_cat":[19,148,80,147,33,20],"product_tag":[],"aioseo_notices":[],"_links":{"self":[{"href":"https:\/\/twistercolors.com.br\/loja\/wp-json\/wp\/v2\/product\/205"}],"collection":[{"href":"https:\/\/twistercolors.com.br\/loja\/wp-json\/wp\/v2\/product"}],"about":[{"href":"https:\/\/twistercolors.com.br\/loja\/wp-json\/wp\/v2\/types\/product"}],"replies":[{"embeddable":true,"href":"https:\/\/twistercolors.com.br\/loja\/wp-json\/wp\/v2\/comments?post=205"}],"wp:featuredmedia":[{"embeddable":true,"href":"https:\/\/twistercolors.com.br\/loja\/wp-json\/wp\/v2\/media\/206"}],"wp:attachment":[{"href":"https:\/\/twistercolors.com.br\/loja\/wp-json\/wp\/v2\/media?parent=205"}],"wp:term":[{"taxonomy":"product_cat","embeddable":true,"href":"https:\/\/twistercolors.com.br\/loja\/wp-json\/wp\/v2\/product_cat?post=205"},{"taxonomy":"product_tag","embeddable":true,"href":"https:\/\/twistercolors.com.br\/loja\/wp-json\/wp\/v2\/product_tag?post=205"}],"curies":[{"name":"wp","href":"https:\/\/api.w.org\/{rel}","templated":true}]}}