{"id":213,"date":"2019-11-15T12:51:58","date_gmt":"2019-11-15T15:51:58","guid":{"rendered":"https:\/\/twistercolors.com.br\/loja\/produto\/celula-de-pressionamento-semi-automatica-adere\/"},"modified":"2019-11-15T12:51:58","modified_gmt":"2019-11-15T15:51:58","slug":"celula-de-pressionamento-semi-automatica-adere","status":"publish","type":"product","link":"https:\/\/twistercolors.com.br\/loja\/produto\/celula-de-pressionamento-semi-automatica-adere\/","title":{"rendered":"C\u00e9lula de Pressionamento Semi-Autom\u00e1tica Adere"},"content":{"rendered":"<p>C\u00e9lula de Pressionamento Semi-Autom\u00e1tica     Equipamento desenvolvido para otimizar o processo produtivo na\u00a0montagem de Fachadas de\u00a0Strutural Glazing, garante a uniformidade do pressionamento da fita estrutural entre o vidro e o caixilho de alum\u00ednio exigindo m\u00ednimo esfor\u00e7o do aperador.                         Cadastre-se e compre<\/p>\n<p>Marca Adere<\/p>\n","protected":false},"excerpt":{"rendered":"<p>C\u00e9lula de Pressionamento Semi-Autom\u00e1tica<br \/>\n    Equipamento desenvolvido para otimizar o processo produtivo na\u00a0montagem de Fachadas de\u00a0Strutural Glazing, garante a uniformidade do pressionamento da fita estrutural entre o vidro e o caixilho de alum\u00ednio exigindo m\u00ednimo esfor\u00e7o do aperador.<br \/>\n                        Cadastre-se e compre<\/p>\n","protected":false},"featured_media":214,"comment_status":"closed","ping_status":"open","template":"","meta":{"om_disable_all_campaigns":false,"_exactmetrics_skip_tracking":false,"_exactmetrics_sitenote_active":false,"_exactmetrics_sitenote_note":"","_exactmetrics_sitenote_category":0,"_monsterinsights_skip_tracking":false,"_monsterinsights_sitenote_active":false,"_monsterinsights_sitenote_note":"","_monsterinsights_sitenote_category":0},"product_cat":[19,22,21,152,20],"product_tag":[],"aioseo_notices":[],"_links":{"self":[{"href":"https:\/\/twistercolors.com.br\/loja\/wp-json\/wp\/v2\/product\/213"}],"collection":[{"href":"https:\/\/twistercolors.com.br\/loja\/wp-json\/wp\/v2\/product"}],"about":[{"href":"https:\/\/twistercolors.com.br\/loja\/wp-json\/wp\/v2\/types\/product"}],"replies":[{"embeddable":true,"href":"https:\/\/twistercolors.com.br\/loja\/wp-json\/wp\/v2\/comments?post=213"}],"wp:featuredmedia":[{"embeddable":true,"href":"https:\/\/twistercolors.com.br\/loja\/wp-json\/wp\/v2\/media\/214"}],"wp:attachment":[{"href":"https:\/\/twistercolors.com.br\/loja\/wp-json\/wp\/v2\/media?parent=213"}],"wp:term":[{"taxonomy":"product_cat","embeddable":true,"href":"https:\/\/twistercolors.com.br\/loja\/wp-json\/wp\/v2\/product_cat?post=213"},{"taxonomy":"product_tag","embeddable":true,"href":"https:\/\/twistercolors.com.br\/loja\/wp-json\/wp\/v2\/product_tag?post=213"}],"curies":[{"name":"wp","href":"https:\/\/api.w.org\/{rel}","templated":true}]}}