{"id":215,"date":"2019-11-15T12:51:58","date_gmt":"2019-11-15T15:51:58","guid":{"rendered":"https:\/\/twistercolors.com.br\/loja\/produto\/recados-autoadesivos-removiveis-adere\/"},"modified":"2019-11-15T12:51:58","modified_gmt":"2019-11-15T15:51:58","slug":"recados-autoadesivos-removiveis-adere","status":"publish","type":"product","link":"https:\/\/twistercolors.com.br\/loja\/produto\/recados-autoadesivos-removiveis-adere\/","title":{"rendered":"Recados Autoadesivos Remov\u00edveis Adere"},"content":{"rendered":"<p>Recados Autoadesivos Remov\u00edveis                         Solu\u00e7\u00e3o para anotar pequenas ou grandes id\u00e9ias! Suas folhas s\u00e3o reposicion\u00e1veis, ou seja, possuem adesivo que permite que sejam retirados e recolocados, sem danificar pap\u00e9is ou outras superf\u00edcies, sem deixar res\u00edduos do adesivo e sem perder a efici\u00eancia na fixa\u00e7\u00e3o.                                                       Compartilhe:<\/p>\n<p>Marca Adere<\/p>\n","protected":false},"excerpt":{"rendered":"<p>Recados Autoadesivos Remov\u00edveis<br \/>\n                        Solu\u00e7\u00e3o para anotar pequenas ou grandes id\u00e9ias! Suas folhas s\u00e3o reposicion\u00e1veis, ou seja, possuem adesivo que permite que sejam retirados e recolocados, sem danificar pap\u00e9is ou outras superf\u00edcies, sem deixar res\u00edduos do adesivo e sem perder a efici\u00eancia na fixa\u00e7\u00e3o.<\/p>\n<p>                            Compartilhe:<\/p>\n","protected":false},"featured_media":216,"comment_status":"closed","ping_status":"open","template":"","meta":{"om_disable_all_campaigns":false,"_exactmetrics_skip_tracking":false,"_exactmetrics_sitenote_active":false,"_exactmetrics_sitenote_note":"","_exactmetrics_sitenote_category":0,"_monsterinsights_skip_tracking":false,"_monsterinsights_sitenote_active":false,"_monsterinsights_sitenote_note":"","_monsterinsights_sitenote_category":0},"product_cat":[19,59,153,20],"product_tag":[],"aioseo_notices":[],"_links":{"self":[{"href":"https:\/\/twistercolors.com.br\/loja\/wp-json\/wp\/v2\/product\/215"}],"collection":[{"href":"https:\/\/twistercolors.com.br\/loja\/wp-json\/wp\/v2\/product"}],"about":[{"href":"https:\/\/twistercolors.com.br\/loja\/wp-json\/wp\/v2\/types\/product"}],"replies":[{"embeddable":true,"href":"https:\/\/twistercolors.com.br\/loja\/wp-json\/wp\/v2\/comments?post=215"}],"wp:featuredmedia":[{"embeddable":true,"href":"https:\/\/twistercolors.com.br\/loja\/wp-json\/wp\/v2\/media\/216"}],"wp:attachment":[{"href":"https:\/\/twistercolors.com.br\/loja\/wp-json\/wp\/v2\/media?parent=215"}],"wp:term":[{"taxonomy":"product_cat","embeddable":true,"href":"https:\/\/twistercolors.com.br\/loja\/wp-json\/wp\/v2\/product_cat?post=215"},{"taxonomy":"product_tag","embeddable":true,"href":"https:\/\/twistercolors.com.br\/loja\/wp-json\/wp\/v2\/product_tag?post=215"}],"curies":[{"name":"wp","href":"https:\/\/api.w.org\/{rel}","templated":true}]}}