{"id":224,"date":"2019-11-15T12:51:58","date_gmt":"2019-11-15T15:51:58","guid":{"rendered":"https:\/\/twistercolors.com.br\/loja\/produto\/fita-dupla-face-de-papel-branco-adere\/"},"modified":"2019-11-15T12:51:58","modified_gmt":"2019-11-15T15:51:58","slug":"fita-dupla-face-de-papel-branco-adere","status":"publish","type":"product","link":"https:\/\/twistercolors.com.br\/loja\/produto\/fita-dupla-face-de-papel-branco-adere\/","title":{"rendered":"Fita Dupla Face de Papel Branco Adere"},"content":{"rendered":"<p>Fita Dupla Face de Papel Branco                         Solu\u00e7\u00f5es ideais para aplica\u00e7\u00e3o em superf\u00edcies lisas. Use para fechamento de envelopes, fixa\u00e7\u00e3o de artigos decorativos, artesanato, bricolagem, montagem de \u00e1lbuns fotogr\u00e1ficos, etc.                                                        Compartilhe:<\/p>\n<p>Marca Adere<\/p>\n","protected":false},"excerpt":{"rendered":"<p>Fita Dupla Face de Papel Branco<br \/>\n                        Solu\u00e7\u00f5es ideais para aplica\u00e7\u00e3o em superf\u00edcies lisas. Use para fechamento de envelopes, fixa\u00e7\u00e3o de artigos decorativos, artesanato, bricolagem, montagem de \u00e1lbuns fotogr\u00e1ficos, etc. <\/p>\n<p>                            Compartilhe:<\/p>\n","protected":false},"featured_media":225,"comment_status":"closed","ping_status":"open","template":"","meta":{"om_disable_all_campaigns":false,"_exactmetrics_skip_tracking":false,"_exactmetrics_sitenote_active":false,"_exactmetrics_sitenote_note":"","_exactmetrics_sitenote_category":0,"_monsterinsights_skip_tracking":false,"_monsterinsights_sitenote_active":false,"_monsterinsights_sitenote_note":"","_monsterinsights_sitenote_category":0},"product_cat":[19,154,24,20],"product_tag":[],"aioseo_notices":[],"_links":{"self":[{"href":"https:\/\/twistercolors.com.br\/loja\/wp-json\/wp\/v2\/product\/224"}],"collection":[{"href":"https:\/\/twistercolors.com.br\/loja\/wp-json\/wp\/v2\/product"}],"about":[{"href":"https:\/\/twistercolors.com.br\/loja\/wp-json\/wp\/v2\/types\/product"}],"replies":[{"embeddable":true,"href":"https:\/\/twistercolors.com.br\/loja\/wp-json\/wp\/v2\/comments?post=224"}],"wp:featuredmedia":[{"embeddable":true,"href":"https:\/\/twistercolors.com.br\/loja\/wp-json\/wp\/v2\/media\/225"}],"wp:attachment":[{"href":"https:\/\/twistercolors.com.br\/loja\/wp-json\/wp\/v2\/media?parent=224"}],"wp:term":[{"taxonomy":"product_cat","embeddable":true,"href":"https:\/\/twistercolors.com.br\/loja\/wp-json\/wp\/v2\/product_cat?post=224"},{"taxonomy":"product_tag","embeddable":true,"href":"https:\/\/twistercolors.com.br\/loja\/wp-json\/wp\/v2\/product_tag?post=224"}],"curies":[{"name":"wp","href":"https:\/\/api.w.org\/{rel}","templated":true}]}}