{"id":231,"date":"2019-11-15T12:52:22","date_gmt":"2019-11-15T15:52:22","guid":{"rendered":"https:\/\/twistercolors.com.br\/loja\/produto\/fita-para-empacotamento-720-adere\/"},"modified":"2019-11-15T12:52:22","modified_gmt":"2019-11-15T15:52:22","slug":"fita-para-empacotamento-720-adere","status":"publish","type":"product","link":"https:\/\/twistercolors.com.br\/loja\/produto\/fita-para-empacotamento-720-adere\/","title":{"rendered":"Fita para Empacotamento 720 Adere"},"content":{"rendered":"<p>Fita para Empacotamento 720     Fita para empacotamento com filme de polipropileno biorientado e adesivo acr\u00edlico a base d&#8217;\u00e1gua, cor transparente.             Aplica\u00e7\u00e3o         Para fechamento de embalagens pl\u00e1sticas, embalagens de papel e papel\u00e3o e sacos polifolhados. Para informa\u00e7\u00f5es sobre o descarte do produto\u00a0Clique Aqui!                         Cadastre-se e compre<\/p>\n<p>Marca Adere<\/p>\n","protected":false},"excerpt":{"rendered":"<p>Fita para Empacotamento 720<br \/>\n    Fita para empacotamento com filme de polipropileno biorientado e adesivo acr\u00edlico a base d&#8217;\u00e1gua, cor transparente.<br \/>\n            Aplica\u00e7\u00e3o<br \/>\n        Para fechamento de embalagens pl\u00e1sticas, embalagens de papel e papel\u00e3o e sacos polifolhados.<br \/>\nPara informa\u00e7\u00f5es sobre o descarte do produto\u00a0Clique Aqui!<br \/>\n                        Cadastre-se e compre<\/p>\n","protected":false},"featured_media":232,"comment_status":"closed","ping_status":"open","template":"","meta":{"om_disable_all_campaigns":false,"_exactmetrics_skip_tracking":false,"_exactmetrics_sitenote_active":false,"_exactmetrics_sitenote_note":"","_exactmetrics_sitenote_category":0,"_monsterinsights_skip_tracking":false,"_monsterinsights_sitenote_active":false,"_monsterinsights_sitenote_note":"","_monsterinsights_sitenote_category":0},"product_cat":[19,74,162,65,20],"product_tag":[],"aioseo_notices":[],"_links":{"self":[{"href":"https:\/\/twistercolors.com.br\/loja\/wp-json\/wp\/v2\/product\/231"}],"collection":[{"href":"https:\/\/twistercolors.com.br\/loja\/wp-json\/wp\/v2\/product"}],"about":[{"href":"https:\/\/twistercolors.com.br\/loja\/wp-json\/wp\/v2\/types\/product"}],"replies":[{"embeddable":true,"href":"https:\/\/twistercolors.com.br\/loja\/wp-json\/wp\/v2\/comments?post=231"}],"wp:featuredmedia":[{"embeddable":true,"href":"https:\/\/twistercolors.com.br\/loja\/wp-json\/wp\/v2\/media\/232"}],"wp:attachment":[{"href":"https:\/\/twistercolors.com.br\/loja\/wp-json\/wp\/v2\/media?parent=231"}],"wp:term":[{"taxonomy":"product_cat","embeddable":true,"href":"https:\/\/twistercolors.com.br\/loja\/wp-json\/wp\/v2\/product_cat?post=231"},{"taxonomy":"product_tag","embeddable":true,"href":"https:\/\/twistercolors.com.br\/loja\/wp-json\/wp\/v2\/product_tag?post=231"}],"curies":[{"name":"wp","href":"https:\/\/api.w.org\/{rel}","templated":true}]}}