{"id":233,"date":"2019-11-15T12:52:22","date_gmt":"2019-11-15T15:52:22","guid":{"rendered":"https:\/\/twistercolors.com.br\/loja\/produto\/fita-de-papel-kraft-432-adere\/"},"modified":"2019-11-15T12:52:22","modified_gmt":"2019-11-15T15:52:22","slug":"fita-de-papel-kraft-432-adere","status":"publish","type":"product","link":"https:\/\/twistercolors.com.br\/loja\/produto\/fita-de-papel-kraft-432-adere\/","title":{"rendered":"Fita de Papel Kraft 432 Adere"},"content":{"rendered":"<p>Fita de Papel Kraft 432     Fita composta por dorso de papel crepado de 40 g\/m2 marrom tratado com solu\u00e7\u00e3o \u00e0 base de borracha.A Fita Kraft 432 \u00e9 a op\u00e7\u00e3o mais econ\u00f4nica em fitas kraft do mercado!             Aplica\u00e7\u00e3o         Indicada para fechamento de pacotes e caixas leves, no refor\u00e7o de embalagens.Tamb\u00e9m possui aplica\u00e7\u00e3o em:- Embalagem de bobinas;- Fixa\u00e7\u00e3o e emendas de pap\u00e9is ou pl\u00e1sticos de baixa gramatura;- Trabalhos escolares;- Uso geral em papelaria. A Fita Kraft Uso Geral 432, n\u00e3o \u00e9 indicada para o uso em pinturas automotivas.Obs.: N\u00e3o recomendada para pinturas automotivas e \/ou mobili\u00e1rias. Para informa\u00e7\u00f5es sobre o descarte do produto Clique Aqui!                 Mercados                                      Flexografia e Acabamento Gr\u00e1fico                             Cal\u00e7adista e T\u00eaxtil                             Empacotamento e Refor\u00e7o                             Arquitetura e Comunica\u00e7\u00e3o Visual                             Linha Branca e Refrigera\u00e7\u00e3o Comercial                             Constru\u00e7\u00e3o e Manuten\u00e7\u00e3o                             Supermercados e Papelarias                                          Cadastre-se e compre<\/p>\n<p>Marca Adere<\/p>\n","protected":false},"excerpt":{"rendered":"<p>Fita de Papel Kraft 432<br \/>\n    Fita composta por dorso de papel crepado de 40 g\/m2 marrom tratado com solu\u00e7\u00e3o \u00e0 base de borracha.A Fita Kraft 432 \u00e9 a op\u00e7\u00e3o mais econ\u00f4nica em fitas kraft do mercado!<br \/>\n            Aplica\u00e7\u00e3o<br \/>\n        Indicada para fechamento de pacotes e caixas leves, no refor\u00e7o de embalagens.Tamb\u00e9m possui aplica\u00e7\u00e3o em:- Embalagem de bobinas;- Fixa\u00e7\u00e3o e emendas de pap\u00e9is ou pl\u00e1sticos de baixa gramatura;- Trabalhos escolares;- Uso geral em papelaria. A Fita Kraft Uso Geral 432, n\u00e3o \u00e9 indicada para o uso em pinturas automotivas.Obs.: N\u00e3o recomendada para pinturas automotivas e \/ou mobili\u00e1rias.<br \/>\nPara informa\u00e7\u00f5es sobre o descarte do produto Clique Aqui!<br \/>\n                Mercados<\/p>\n<p>                            Flexografia e Acabamento Gr\u00e1fico<br \/>\n                            Cal\u00e7adista e T\u00eaxtil<br \/>\n                            Empacotamento e Refor\u00e7o<br \/>\n                            Arquitetura e Comunica\u00e7\u00e3o Visual<br \/>\n                            Linha Branca e Refrigera\u00e7\u00e3o Comercial<br \/>\n                            Constru\u00e7\u00e3o e Manuten\u00e7\u00e3o<br \/>\n                            Supermercados e Papelarias<\/p>\n<p>                    Cadastre-se e compre<\/p>\n","protected":false},"featured_media":234,"comment_status":"closed","ping_status":"open","template":"","meta":{"om_disable_all_campaigns":false,"_exactmetrics_skip_tracking":false,"_exactmetrics_sitenote_active":false,"_exactmetrics_sitenote_note":"","_exactmetrics_sitenote_category":0,"_monsterinsights_skip_tracking":false,"_monsterinsights_sitenote_active":false,"_monsterinsights_sitenote_note":"","_monsterinsights_sitenote_category":0},"product_cat":[19,163,160,159,20],"product_tag":[],"aioseo_notices":[],"_links":{"self":[{"href":"https:\/\/twistercolors.com.br\/loja\/wp-json\/wp\/v2\/product\/233"}],"collection":[{"href":"https:\/\/twistercolors.com.br\/loja\/wp-json\/wp\/v2\/product"}],"about":[{"href":"https:\/\/twistercolors.com.br\/loja\/wp-json\/wp\/v2\/types\/product"}],"replies":[{"embeddable":true,"href":"https:\/\/twistercolors.com.br\/loja\/wp-json\/wp\/v2\/comments?post=233"}],"wp:featuredmedia":[{"embeddable":true,"href":"https:\/\/twistercolors.com.br\/loja\/wp-json\/wp\/v2\/media\/234"}],"wp:attachment":[{"href":"https:\/\/twistercolors.com.br\/loja\/wp-json\/wp\/v2\/media?parent=233"}],"wp:term":[{"taxonomy":"product_cat","embeddable":true,"href":"https:\/\/twistercolors.com.br\/loja\/wp-json\/wp\/v2\/product_cat?post=233"},{"taxonomy":"product_tag","embeddable":true,"href":"https:\/\/twistercolors.com.br\/loja\/wp-json\/wp\/v2\/product_tag?post=233"}],"curies":[{"name":"wp","href":"https:\/\/api.w.org\/{rel}","templated":true}]}}