{"id":235,"date":"2019-11-15T12:52:22","date_gmt":"2019-11-15T15:52:22","guid":{"rendered":"https:\/\/twistercolors.com.br\/loja\/produto\/fita-dupla-face-de-flexografia-574-espessura-0-50mm-adere\/"},"modified":"2019-11-15T12:52:22","modified_gmt":"2019-11-15T15:52:22","slug":"fita-dupla-face-de-flexografia-574-espessura-0-50mm-adere","status":"publish","type":"product","link":"https:\/\/twistercolors.com.br\/loja\/produto\/fita-dupla-face-de-flexografia-574-espessura-0-50mm-adere\/","title":{"rendered":"Fita Dupla Face de Flexografia 574 &#8211; Espessura 0.50mm Adere"},"content":{"rendered":"<p>Fita Dupla Face de Flexografia 574 &#8211; Espessura 0.50mm     A Dupla Face de Espuma 574 possui espessura de 0.50mm e m\u00e9dia densidade, adequando-se a trabalhos de Policromia (Ret\u00edcula), Tra\u00e7o e Chapado.             Aplica\u00e7\u00e3o         F\u00e1cil montagem no processo flexogr\u00e1fico, alta performance e ades\u00e3o para fixar o clich\u00ea, sendo poss\u00edvel reutiliz\u00e1-la v\u00e1rias vezes.Excelente resist\u00eancia \u00e0 temperatura, tintas e produtos qu\u00edmicos.Permite excelente qualidade no processo de impress\u00e3o flexogr\u00e1fica. A espuma em compress\u00e3o apresenta alta conformabilidade, compensando assim as pequenasirregularidades do sistema de impress\u00e3o flexogr\u00e1fica. F\u00e1cil remo\u00e7\u00e3o do cilindro e clich\u00ea sem deixar res\u00edduo de adesivo. Excelente Custo X Benef\u00edcio Para informa\u00e7\u00f5es sobre o descarte do produto Clique Aqui!                 Mercados                                      Flexografia e Acabamento Gr\u00e1fico                                          Cadastre-se e compre<\/p>\n<p>Marca Adere<\/p>\n","protected":false},"excerpt":{"rendered":"<p>Fita Dupla Face de Flexografia 574 &#8211; Espessura 0.50mm<br \/>\n    A Dupla Face de Espuma 574 possui espessura de 0.50mm e m\u00e9dia densidade, adequando-se a trabalhos de Policromia (Ret\u00edcula), Tra\u00e7o e Chapado.<br \/>\n            Aplica\u00e7\u00e3o<br \/>\n        F\u00e1cil montagem no processo flexogr\u00e1fico, alta performance e ades\u00e3o para fixar o clich\u00ea, sendo poss\u00edvel reutiliz\u00e1-la v\u00e1rias vezes.Excelente resist\u00eancia \u00e0 temperatura, tintas e produtos qu\u00edmicos.Permite excelente qualidade no processo de impress\u00e3o flexogr\u00e1fica. A espuma em compress\u00e3o apresenta alta conformabilidade, compensando assim as pequenasirregularidades do sistema de impress\u00e3o flexogr\u00e1fica. F\u00e1cil remo\u00e7\u00e3o do cilindro e clich\u00ea sem deixar res\u00edduo de adesivo. Excelente Custo X Benef\u00edcio<br \/>\nPara informa\u00e7\u00f5es sobre o descarte do produto Clique Aqui!<br \/>\n                Mercados<\/p>\n<p>                            Flexografia e Acabamento Gr\u00e1fico<\/p>\n<p>                    Cadastre-se e compre<\/p>\n","protected":false},"featured_media":236,"comment_status":"closed","ping_status":"open","template":"","meta":{"om_disable_all_campaigns":false,"_exactmetrics_skip_tracking":false,"_exactmetrics_sitenote_active":false,"_exactmetrics_sitenote_note":"","_exactmetrics_sitenote_category":0,"_monsterinsights_skip_tracking":false,"_monsterinsights_sitenote_active":false,"_monsterinsights_sitenote_note":"","_monsterinsights_sitenote_category":0},"product_cat":[19,27,165,28,164,26,20],"product_tag":[],"aioseo_notices":[],"_links":{"self":[{"href":"https:\/\/twistercolors.com.br\/loja\/wp-json\/wp\/v2\/product\/235"}],"collection":[{"href":"https:\/\/twistercolors.com.br\/loja\/wp-json\/wp\/v2\/product"}],"about":[{"href":"https:\/\/twistercolors.com.br\/loja\/wp-json\/wp\/v2\/types\/product"}],"replies":[{"embeddable":true,"href":"https:\/\/twistercolors.com.br\/loja\/wp-json\/wp\/v2\/comments?post=235"}],"wp:featuredmedia":[{"embeddable":true,"href":"https:\/\/twistercolors.com.br\/loja\/wp-json\/wp\/v2\/media\/236"}],"wp:attachment":[{"href":"https:\/\/twistercolors.com.br\/loja\/wp-json\/wp\/v2\/media?parent=235"}],"wp:term":[{"taxonomy":"product_cat","embeddable":true,"href":"https:\/\/twistercolors.com.br\/loja\/wp-json\/wp\/v2\/product_cat?post=235"},{"taxonomy":"product_tag","embeddable":true,"href":"https:\/\/twistercolors.com.br\/loja\/wp-json\/wp\/v2\/product_tag?post=235"}],"curies":[{"name":"wp","href":"https:\/\/api.w.org\/{rel}","templated":true}]}}