{"id":244,"date":"2019-11-15T12:52:22","date_gmt":"2019-11-15T15:52:22","guid":{"rendered":"https:\/\/twistercolors.com.br\/loja\/produto\/fita-crepe-para-uso-geral-adere\/"},"modified":"2019-11-15T12:52:22","modified_gmt":"2019-11-15T15:52:22","slug":"fita-crepe-para-uso-geral-adere","status":"publish","type":"product","link":"https:\/\/twistercolors.com.br\/loja\/produto\/fita-crepe-para-uso-geral-adere\/","title":{"rendered":"Fita Crepe para Uso Geral Adere"},"content":{"rendered":"<p>Fita Crepe para Uso Geral                         Solu\u00e7\u00e3o para aplica\u00e7\u00f5es gerais como fixa\u00e7\u00f5es tempor\u00e1rias leves, trabalhos escolares, enfaixamentos, artesanato, decora\u00e7\u00e3o, bricolagem , etc.                                                       Compartilhe:<\/p>\n<p>Marca Adere<\/p>\n","protected":false},"excerpt":{"rendered":"<p>Fita Crepe para Uso Geral<br \/>\n                        Solu\u00e7\u00e3o para aplica\u00e7\u00f5es gerais como fixa\u00e7\u00f5es tempor\u00e1rias leves, trabalhos escolares, enfaixamentos, artesanato, decora\u00e7\u00e3o, bricolagem , etc.<\/p>\n<p>                            Compartilhe:<\/p>\n","protected":false},"featured_media":245,"comment_status":"closed","ping_status":"open","template":"","meta":{"om_disable_all_campaigns":false,"_exactmetrics_skip_tracking":false,"_exactmetrics_sitenote_active":false,"_exactmetrics_sitenote_note":"","_exactmetrics_sitenote_category":0,"_monsterinsights_skip_tracking":false,"_monsterinsights_sitenote_active":false,"_monsterinsights_sitenote_note":"","_monsterinsights_sitenote_category":0},"product_cat":[19,78,33,20],"product_tag":[],"aioseo_notices":[],"_links":{"self":[{"href":"https:\/\/twistercolors.com.br\/loja\/wp-json\/wp\/v2\/product\/244"}],"collection":[{"href":"https:\/\/twistercolors.com.br\/loja\/wp-json\/wp\/v2\/product"}],"about":[{"href":"https:\/\/twistercolors.com.br\/loja\/wp-json\/wp\/v2\/types\/product"}],"replies":[{"embeddable":true,"href":"https:\/\/twistercolors.com.br\/loja\/wp-json\/wp\/v2\/comments?post=244"}],"wp:featuredmedia":[{"embeddable":true,"href":"https:\/\/twistercolors.com.br\/loja\/wp-json\/wp\/v2\/media\/245"}],"wp:attachment":[{"href":"https:\/\/twistercolors.com.br\/loja\/wp-json\/wp\/v2\/media?parent=244"}],"wp:term":[{"taxonomy":"product_cat","embeddable":true,"href":"https:\/\/twistercolors.com.br\/loja\/wp-json\/wp\/v2\/product_cat?post=244"},{"taxonomy":"product_tag","embeddable":true,"href":"https:\/\/twistercolors.com.br\/loja\/wp-json\/wp\/v2\/product_tag?post=244"}],"curies":[{"name":"wp","href":"https:\/\/api.w.org\/{rel}","templated":true}]}}