{"id":246,"date":"2019-11-15T12:52:22","date_gmt":"2019-11-15T15:52:22","guid":{"rendered":"https:\/\/twistercolors.com.br\/loja\/produto\/fita-crepe-aderfralda-416-amarela-adere\/"},"modified":"2019-11-15T12:52:22","modified_gmt":"2019-11-15T15:52:22","slug":"fita-crepe-aderfralda-416-amarela-adere","status":"publish","type":"product","link":"https:\/\/twistercolors.com.br\/loja\/produto\/fita-crepe-aderfralda-416-amarela-adere\/","title":{"rendered":"Fita Crepe Aderfralda 416 &#8211; Amarela Adere"},"content":{"rendered":"<p>Fita Crepe Aderfralda 416 &#8211; Amarela     Fita adesiva de papel crepe (40g\/m\u00b2) com adesivo \u00e0 base de borracha e resina.             Aplica\u00e7\u00e3o         Indicada para:- Fixa\u00e7\u00e3o de fraldas de pano ou pl\u00e1stica;- Codifica\u00e7\u00e3o de produtos;- Decora\u00e7\u00e3o de produtos;- Uso escolar e geral.                 Mercados                                      Hospitalar                             Supermercados e Papelarias                                          Cadastre-se e compre<\/p>\n<p>Marca Adere<\/p>\n","protected":false},"excerpt":{"rendered":"<p>Fita Crepe Aderfralda 416 &#8211; Amarela<br \/>\n    Fita adesiva de papel crepe (40g\/m\u00b2) com adesivo \u00e0 base de borracha e resina.<br \/>\n            Aplica\u00e7\u00e3o<br \/>\n        Indicada para:- Fixa\u00e7\u00e3o de fraldas de pano ou pl\u00e1stica;- Codifica\u00e7\u00e3o de produtos;- Decora\u00e7\u00e3o de produtos;- Uso escolar e geral.<br \/>\n                Mercados<\/p>\n<p>                            Hospitalar<br \/>\n                            Supermercados e Papelarias<\/p>\n<p>                    Cadastre-se e compre<\/p>\n","protected":false},"featured_media":247,"comment_status":"closed","ping_status":"open","template":"","meta":{"om_disable_all_campaigns":false,"_exactmetrics_skip_tracking":false,"_exactmetrics_sitenote_active":false,"_exactmetrics_sitenote_note":"","_exactmetrics_sitenote_category":0,"_monsterinsights_skip_tracking":false,"_monsterinsights_sitenote_active":false,"_monsterinsights_sitenote_note":"","_monsterinsights_sitenote_category":0},"product_cat":[19,171,130,170,33,20],"product_tag":[],"aioseo_notices":[],"_links":{"self":[{"href":"https:\/\/twistercolors.com.br\/loja\/wp-json\/wp\/v2\/product\/246"}],"collection":[{"href":"https:\/\/twistercolors.com.br\/loja\/wp-json\/wp\/v2\/product"}],"about":[{"href":"https:\/\/twistercolors.com.br\/loja\/wp-json\/wp\/v2\/types\/product"}],"replies":[{"embeddable":true,"href":"https:\/\/twistercolors.com.br\/loja\/wp-json\/wp\/v2\/comments?post=246"}],"wp:featuredmedia":[{"embeddable":true,"href":"https:\/\/twistercolors.com.br\/loja\/wp-json\/wp\/v2\/media\/247"}],"wp:attachment":[{"href":"https:\/\/twistercolors.com.br\/loja\/wp-json\/wp\/v2\/media?parent=246"}],"wp:term":[{"taxonomy":"product_cat","embeddable":true,"href":"https:\/\/twistercolors.com.br\/loja\/wp-json\/wp\/v2\/product_cat?post=246"},{"taxonomy":"product_tag","embeddable":true,"href":"https:\/\/twistercolors.com.br\/loja\/wp-json\/wp\/v2\/product_tag?post=246"}],"curies":[{"name":"wp","href":"https:\/\/api.w.org\/{rel}","templated":true}]}}