{"id":252,"date":"2019-11-15T12:52:22","date_gmt":"2019-11-15T15:52:22","guid":{"rendered":"https:\/\/twistercolors.com.br\/loja\/produto\/fita-dupla-face-de-papel-crepe-475-adere\/"},"modified":"2019-11-15T12:52:22","modified_gmt":"2019-11-15T15:52:22","slug":"fita-dupla-face-de-papel-crepe-475-adere","status":"publish","type":"product","link":"https:\/\/twistercolors.com.br\/loja\/produto\/fita-dupla-face-de-papel-crepe-475-adere\/","title":{"rendered":"Fita Dupla Face de Papel Crepe 475 Adere"},"content":{"rendered":"<p>Fita Dupla Face de Papel Crepe 475     Papel Crepe (40 g\/m\u00b2) saturado com solu\u00e7\u00e3o base borracha. Liner de Papel Super Calandrado Siliconizado Amarelo (80g\/m\u00b2). Adesivo \u00e0 Base borracha e Resinas na cor Branca.             Aplica\u00e7\u00e3o         Fixa\u00e7\u00e3o de artigos de couro, artigos decorativosFixa\u00e7\u00e3o de cartazes \/ avisosEmendas na fabrica\u00e7\u00e3o de papel (acima de 80 g\/m\u00b2)Fixa\u00e7\u00e3o de lixas para polimento de lentesFixa\u00e7\u00e3o de produtos em mostru\u00e1rios, clich\u00eas Para informa\u00e7\u00f5es sobre o descarte do produto Clique Aqui!                 Mercados                                      Flexografia e Acabamento Gr\u00e1fico                             Arquitetura e Comunica\u00e7\u00e3o Visual                             Constru\u00e7\u00e3o e Manuten\u00e7\u00e3o                             Automotivo e Transportes                                          Cadastre-se e compre<\/p>\n<p>Marca Adere<\/p>\n","protected":false},"excerpt":{"rendered":"<p>Fita Dupla Face de Papel Crepe 475<br \/>\n    Papel Crepe (40 g\/m\u00b2) saturado com solu\u00e7\u00e3o base borracha. Liner de Papel Super Calandrado Siliconizado Amarelo (80g\/m\u00b2). Adesivo \u00e0 Base borracha e Resinas na cor Branca.<br \/>\n            Aplica\u00e7\u00e3o<br \/>\n        Fixa\u00e7\u00e3o de artigos de couro, artigos decorativosFixa\u00e7\u00e3o de cartazes \/ avisosEmendas na fabrica\u00e7\u00e3o de papel (acima de 80 g\/m\u00b2)Fixa\u00e7\u00e3o de lixas para polimento de lentesFixa\u00e7\u00e3o de produtos em mostru\u00e1rios, clich\u00eas<br \/>\nPara informa\u00e7\u00f5es sobre o descarte do produto Clique Aqui!<br \/>\n                Mercados<\/p>\n<p>                            Flexografia e Acabamento Gr\u00e1fico<br \/>\n                            Arquitetura e Comunica\u00e7\u00e3o Visual<br \/>\n                            Constru\u00e7\u00e3o e Manuten\u00e7\u00e3o<br \/>\n                            Automotivo e Transportes<\/p>\n<p>                    Cadastre-se e compre<\/p>\n","protected":false},"featured_media":253,"comment_status":"closed","ping_status":"open","template":"","meta":{"om_disable_all_campaigns":false,"_exactmetrics_skip_tracking":false,"_exactmetrics_sitenote_active":false,"_exactmetrics_sitenote_note":"","_exactmetrics_sitenote_category":0,"_monsterinsights_skip_tracking":false,"_monsterinsights_sitenote_active":false,"_monsterinsights_sitenote_note":"","_monsterinsights_sitenote_category":0},"product_cat":[19,95,173,24,20],"product_tag":[],"aioseo_notices":[],"_links":{"self":[{"href":"https:\/\/twistercolors.com.br\/loja\/wp-json\/wp\/v2\/product\/252"}],"collection":[{"href":"https:\/\/twistercolors.com.br\/loja\/wp-json\/wp\/v2\/product"}],"about":[{"href":"https:\/\/twistercolors.com.br\/loja\/wp-json\/wp\/v2\/types\/product"}],"replies":[{"embeddable":true,"href":"https:\/\/twistercolors.com.br\/loja\/wp-json\/wp\/v2\/comments?post=252"}],"wp:featuredmedia":[{"embeddable":true,"href":"https:\/\/twistercolors.com.br\/loja\/wp-json\/wp\/v2\/media\/253"}],"wp:attachment":[{"href":"https:\/\/twistercolors.com.br\/loja\/wp-json\/wp\/v2\/media?parent=252"}],"wp:term":[{"taxonomy":"product_cat","embeddable":true,"href":"https:\/\/twistercolors.com.br\/loja\/wp-json\/wp\/v2\/product_cat?post=252"},{"taxonomy":"product_tag","embeddable":true,"href":"https:\/\/twistercolors.com.br\/loja\/wp-json\/wp\/v2\/product_tag?post=252"}],"curies":[{"name":"wp","href":"https:\/\/api.w.org\/{rel}","templated":true}]}}