{"id":36,"date":"2019-11-15T12:50:21","date_gmt":"2019-11-15T15:50:21","guid":{"rendered":"https:\/\/twistercolors.com.br\/loja\/produto\/aplicador-manual-h11cp-adere\/"},"modified":"2019-11-15T12:50:21","modified_gmt":"2019-11-15T15:50:21","slug":"aplicador-manual-h11cp-adere","status":"publish","type":"product","link":"https:\/\/twistercolors.com.br\/loja\/produto\/aplicador-manual-h11cp-adere\/","title":{"rendered":"Aplicador Manual H11CP Adere"},"content":{"rendered":"<p>Aplicador Manual H11CP     Aparelho aplicador manual de fita adesiva com sistema de corte e freio, para utiliza\u00e7\u00e3o com fitas de polipropileno, kraft ou crepe. \u00a0             Aplica\u00e7\u00e3o         Fechamento de caixas e embalagens em geral. Medida m\u00e1xima para o rolo de fita: Polipropileno = 50mm x 100m Kraft ou Crepe = 50mm x 50m Para informa\u00e7\u00f5es sobre o descarte do produto Clique Aqui!                 Mercados                                      Empacotamento e Refor\u00e7o                             Arquitetura e Comunica\u00e7\u00e3o Visual                             Linha Branca e Refrigera\u00e7\u00e3o Comercial                             Supermercados e Papelarias                                          Cadastre-se e compre<\/p>\n<p>Marca Adere<\/p>\n","protected":false},"excerpt":{"rendered":"<p>Aplicador Manual H11CP<br \/>\n    Aparelho aplicador manual de fita adesiva com sistema de corte e freio, para utiliza\u00e7\u00e3o com fitas de polipropileno, kraft ou crepe.<br \/>\n\u00a0<br \/>\n            Aplica\u00e7\u00e3o<br \/>\n        Fechamento de caixas e embalagens em geral.<br \/>\nMedida m\u00e1xima para o rolo de fita:<br \/>\nPolipropileno = 50mm x 100m<br \/>\nKraft ou Crepe = 50mm x 50m<br \/>\nPara informa\u00e7\u00f5es sobre o descarte do produto Clique Aqui!<br \/>\n                Mercados<\/p>\n<p>                            Empacotamento e Refor\u00e7o<br \/>\n                            Arquitetura e Comunica\u00e7\u00e3o Visual<br \/>\n                            Linha Branca e Refrigera\u00e7\u00e3o Comercial<br \/>\n                            Supermercados e Papelarias<\/p>\n<p>                    Cadastre-se e compre<\/p>\n","protected":false},"featured_media":37,"comment_status":"closed","ping_status":"open","template":"","meta":{"om_disable_all_campaigns":false,"_exactmetrics_skip_tracking":false,"_exactmetrics_sitenote_active":false,"_exactmetrics_sitenote_note":"","_exactmetrics_sitenote_category":0,"_monsterinsights_skip_tracking":false,"_monsterinsights_sitenote_active":false,"_monsterinsights_sitenote_note":"","_monsterinsights_sitenote_category":0},"product_cat":[19,22,21,23,20],"product_tag":[],"aioseo_notices":[],"_links":{"self":[{"href":"https:\/\/twistercolors.com.br\/loja\/wp-json\/wp\/v2\/product\/36"}],"collection":[{"href":"https:\/\/twistercolors.com.br\/loja\/wp-json\/wp\/v2\/product"}],"about":[{"href":"https:\/\/twistercolors.com.br\/loja\/wp-json\/wp\/v2\/types\/product"}],"replies":[{"embeddable":true,"href":"https:\/\/twistercolors.com.br\/loja\/wp-json\/wp\/v2\/comments?post=36"}],"wp:featuredmedia":[{"embeddable":true,"href":"https:\/\/twistercolors.com.br\/loja\/wp-json\/wp\/v2\/media\/37"}],"wp:attachment":[{"href":"https:\/\/twistercolors.com.br\/loja\/wp-json\/wp\/v2\/media?parent=36"}],"wp:term":[{"taxonomy":"product_cat","embeddable":true,"href":"https:\/\/twistercolors.com.br\/loja\/wp-json\/wp\/v2\/product_cat?post=36"},{"taxonomy":"product_tag","embeddable":true,"href":"https:\/\/twistercolors.com.br\/loja\/wp-json\/wp\/v2\/product_tag?post=36"}],"curies":[{"name":"wp","href":"https:\/\/api.w.org\/{rel}","templated":true}]}}