{"id":381,"date":"2019-11-19T12:37:03","date_gmt":"2019-11-19T15:37:03","guid":{"rendered":"https:\/\/twistercolors.com.br\/loja\/produto\/peg-pinte-latex-acrilico-profissional-parede-de-alvenaria-tintas\/"},"modified":"2019-11-19T12:37:03","modified_gmt":"2019-11-19T15:37:03","slug":"peg-pinte-latex-acrilico-profissional-parede-de-alvenaria-tintas","status":"publish","type":"product","link":"https:\/\/twistercolors.com.br\/loja\/produto\/peg-pinte-latex-acrilico-profissional-parede-de-alvenaria-tintas\/","title":{"rendered":"PEG &#038; PINTE L\u00c1TEX ACR\u00cdLICO PROFISSIONAL Parede de Alvenaria Tintas"},"content":{"rendered":"<p>PEG &#038; PINTE L\u00c1TEX ACR\u00cdLICO PROFISSIONAL<\/p>\n<p>Eucatex, Tintas, Parede de Alvenaria, Peg &#038; Pinte.<\/p>\n","protected":false},"excerpt":{"rendered":"<p>PEG &#038; PINTE L\u00c1TEX ACR\u00cdLICO PROFISSIONAL Eucatex, Tintas, Parede de Alvenaria, Peg &#038; Pinte.<\/p>\n","protected":false},"featured_media":382,"comment_status":"closed","ping_status":"open","template":"","meta":{"om_disable_all_campaigns":false,"_exactmetrics_skip_tracking":false,"_exactmetrics_sitenote_active":false,"_exactmetrics_sitenote_note":"","_exactmetrics_sitenote_category":0,"_monsterinsights_skip_tracking":false,"_monsterinsights_sitenote_active":false,"_monsterinsights_sitenote_note":"","_monsterinsights_sitenote_category":0},"product_cat":[178,180,182,179],"product_tag":[],"aioseo_notices":[],"_links":{"self":[{"href":"https:\/\/twistercolors.com.br\/loja\/wp-json\/wp\/v2\/product\/381"}],"collection":[{"href":"https:\/\/twistercolors.com.br\/loja\/wp-json\/wp\/v2\/product"}],"about":[{"href":"https:\/\/twistercolors.com.br\/loja\/wp-json\/wp\/v2\/types\/product"}],"replies":[{"embeddable":true,"href":"https:\/\/twistercolors.com.br\/loja\/wp-json\/wp\/v2\/comments?post=381"}],"wp:featuredmedia":[{"embeddable":true,"href":"https:\/\/twistercolors.com.br\/loja\/wp-json\/wp\/v2\/media\/382"}],"wp:attachment":[{"href":"https:\/\/twistercolors.com.br\/loja\/wp-json\/wp\/v2\/media?parent=381"}],"wp:term":[{"taxonomy":"product_cat","embeddable":true,"href":"https:\/\/twistercolors.com.br\/loja\/wp-json\/wp\/v2\/product_cat?post=381"},{"taxonomy":"product_tag","embeddable":true,"href":"https:\/\/twistercolors.com.br\/loja\/wp-json\/wp\/v2\/product_tag?post=381"}],"curies":[{"name":"wp","href":"https:\/\/api.w.org\/{rel}","templated":true}]}}