{"id":40,"date":"2019-11-15T12:50:21","date_gmt":"2019-11-15T15:50:21","guid":{"rendered":"https:\/\/twistercolors.com.br\/loja\/produto\/fita-dupla-face-de-flexografia-274-espessura-0-50mm-adere\/"},"modified":"2019-11-15T12:50:21","modified_gmt":"2019-11-15T15:50:21","slug":"fita-dupla-face-de-flexografia-274-espessura-0-50mm-adere","status":"publish","type":"product","link":"https:\/\/twistercolors.com.br\/loja\/produto\/fita-dupla-face-de-flexografia-274-espessura-0-50mm-adere\/","title":{"rendered":"Fita Dupla Face de Flexografia 274 &#8211; Espessura 0.50mm Adere"},"content":{"rendered":"<p>Fita Dupla Face de Flexografia 274 &#8211; Espessura 0.50mm     A ADERE \u00e9 a pioneira no Brasil a produzir com qualidade a Fita Adesiva Dupla Face de Espuma para impress\u00e3o Flexogr\u00e1fica, e figura at\u00e9 hoje como o \u00fanico fabricante nacional desta linha de produtos.Alinhando as mat\u00e9rias-primas de qualidade, o melhor adesivo e a melhor espuma, a ADERE coloca no mercado uma linha de produtos que respondem \u00e0s demandas de aplica\u00e7\u00f5es.A Dupla Face de Espuma 274 possui espessura de 0.50mm e m\u00e9dia densidade, adequando-se a trabalhos de Policromia (Ret\u00edcula), Tra\u00e7o e Chapado.             Aplica\u00e7\u00e3o         Produto especialmente desenvolvido para o mercado de flexografia, na fixa\u00e7\u00e3o de clich\u00eas fotopol\u00edmeros em cilindros de impress\u00e3o, com as seguintes vantagens:- F\u00e1cil montagem- Alta performance do adesivo, n\u00e3o permitindo levantamento das pontas dos clich\u00eas- Resistente \u00e0 tintas e produtos qu\u00edmicos- Alta conformabilidade, compensando pequenas irregularidades do sistema de impress\u00e3o- Excelente qualidade de impress\u00e3o em Policromia (Ret\u00edcula), Tra\u00e7o e Chapado- Remo\u00e7\u00e3o do cilindro e do clich\u00ea sem deixar res\u00edduo de adesivo- Pode ser utilizada em m\u00e1quinas de impress\u00e3o flexogr\u00e1fica de Banda Larga e Banda Estreita- Espuma na cor branca, com liner de papel calandrado siliconizado amarelo- MELHOR CUSTO X BENEF\u00cdCIO Para informa\u00e7\u00f5es sobre o descarte do produto Clique Aqui!                 Mercados                                      Flexografia e Acabamento Gr\u00e1fico                                          Cadastre-se e compre<\/p>\n<p>Marca Adere<\/p>\n","protected":false},"excerpt":{"rendered":"<p>Fita Dupla Face de Flexografia 274 &#8211; Espessura 0.50mm<br \/>\n    A ADERE \u00e9 a pioneira no Brasil a produzir com qualidade a Fita Adesiva Dupla Face de Espuma para impress\u00e3o Flexogr\u00e1fica, e figura at\u00e9 hoje como o \u00fanico fabricante nacional desta linha de produtos.Alinhando as mat\u00e9rias-primas de qualidade, o melhor adesivo e a melhor espuma, a ADERE coloca no mercado uma linha de produtos que respondem \u00e0s demandas de aplica\u00e7\u00f5es.A Dupla Face de Espuma 274 possui espessura de 0.50mm e m\u00e9dia densidade, adequando-se a trabalhos de Policromia (Ret\u00edcula), Tra\u00e7o e Chapado.<br \/>\n            Aplica\u00e7\u00e3o<br \/>\n        Produto especialmente desenvolvido para o mercado de flexografia, na fixa\u00e7\u00e3o de clich\u00eas fotopol\u00edmeros em cilindros de impress\u00e3o, com as seguintes vantagens:- F\u00e1cil montagem- Alta performance do adesivo, n\u00e3o permitindo levantamento das pontas dos clich\u00eas- Resistente \u00e0 tintas e produtos qu\u00edmicos- Alta conformabilidade, compensando pequenas irregularidades do sistema de impress\u00e3o- Excelente qualidade de impress\u00e3o em Policromia (Ret\u00edcula), Tra\u00e7o e Chapado- Remo\u00e7\u00e3o do cilindro e do clich\u00ea sem deixar res\u00edduo de adesivo- Pode ser utilizada em m\u00e1quinas de impress\u00e3o flexogr\u00e1fica de Banda Larga e Banda Estreita- Espuma na cor branca, com liner de papel calandrado siliconizado amarelo- MELHOR CUSTO X BENEF\u00cdCIO<br \/>\nPara informa\u00e7\u00f5es sobre o descarte do produto Clique Aqui!<br \/>\n                Mercados<\/p>\n<p>                            Flexografia e Acabamento Gr\u00e1fico<\/p>\n<p>                    Cadastre-se e compre<\/p>\n","protected":false},"featured_media":41,"comment_status":"closed","ping_status":"open","template":"","meta":{"om_disable_all_campaigns":false,"_exactmetrics_skip_tracking":false,"_exactmetrics_sitenote_active":false,"_exactmetrics_sitenote_note":"","_exactmetrics_sitenote_category":0,"_monsterinsights_skip_tracking":false,"_monsterinsights_sitenote_active":false,"_monsterinsights_sitenote_note":"","_monsterinsights_sitenote_category":0},"product_cat":[19,27,30,28,29,26,20],"product_tag":[],"aioseo_notices":[],"_links":{"self":[{"href":"https:\/\/twistercolors.com.br\/loja\/wp-json\/wp\/v2\/product\/40"}],"collection":[{"href":"https:\/\/twistercolors.com.br\/loja\/wp-json\/wp\/v2\/product"}],"about":[{"href":"https:\/\/twistercolors.com.br\/loja\/wp-json\/wp\/v2\/types\/product"}],"replies":[{"embeddable":true,"href":"https:\/\/twistercolors.com.br\/loja\/wp-json\/wp\/v2\/comments?post=40"}],"wp:featuredmedia":[{"embeddable":true,"href":"https:\/\/twistercolors.com.br\/loja\/wp-json\/wp\/v2\/media\/41"}],"wp:attachment":[{"href":"https:\/\/twistercolors.com.br\/loja\/wp-json\/wp\/v2\/media?parent=40"}],"wp:term":[{"taxonomy":"product_cat","embeddable":true,"href":"https:\/\/twistercolors.com.br\/loja\/wp-json\/wp\/v2\/product_cat?post=40"},{"taxonomy":"product_tag","embeddable":true,"href":"https:\/\/twistercolors.com.br\/loja\/wp-json\/wp\/v2\/product_tag?post=40"}],"curies":[{"name":"wp","href":"https:\/\/api.w.org\/{rel}","templated":true}]}}