{"id":552,"date":"2019-11-19T12:40:39","date_gmt":"2019-11-19T15:40:39","guid":{"rendered":"https:\/\/twistercolors.com.br\/loja\/produto\/esmalte-epoxi-catalisavel-parte-a-premium-plus-lukscolor-alvenaria\/"},"modified":"2019-11-19T12:40:39","modified_gmt":"2019-11-19T15:40:39","slug":"esmalte-epoxi-catalisavel-parte-a-premium-plus-lukscolor-alvenaria","status":"publish","type":"product","link":"https:\/\/twistercolors.com.br\/loja\/produto\/esmalte-epoxi-catalisavel-parte-a-premium-plus-lukscolor-alvenaria\/","title":{"rendered":"Esmalte Ep\u00f3xi Catalis\u00e1vel parte A Premium Plus Lukscolor Alvenaria"},"content":{"rendered":"<p>Esmalte Ep\u00f3xi Catalis\u00e1vel parte A Premium Plus Lukscolor Alvenaria<\/p>\n","protected":false},"excerpt":{"rendered":"<p>Esmalte Ep\u00f3xi Catalis\u00e1vel parte A Premium Plus Lukscolor Alvenaria<\/p>\n","protected":false},"featured_media":553,"comment_status":"closed","ping_status":"open","template":"","meta":{"om_disable_all_campaigns":false,"_exactmetrics_skip_tracking":false,"_exactmetrics_sitenote_active":false,"_exactmetrics_sitenote_note":"","_exactmetrics_sitenote_category":0,"_monsterinsights_skip_tracking":false,"_monsterinsights_sitenote_active":false,"_monsterinsights_sitenote_note":"","_monsterinsights_sitenote_category":0},"product_cat":[206,236,205],"product_tag":[],"aioseo_notices":[],"_links":{"self":[{"href":"https:\/\/twistercolors.com.br\/loja\/wp-json\/wp\/v2\/product\/552"}],"collection":[{"href":"https:\/\/twistercolors.com.br\/loja\/wp-json\/wp\/v2\/product"}],"about":[{"href":"https:\/\/twistercolors.com.br\/loja\/wp-json\/wp\/v2\/types\/product"}],"replies":[{"embeddable":true,"href":"https:\/\/twistercolors.com.br\/loja\/wp-json\/wp\/v2\/comments?post=552"}],"wp:featuredmedia":[{"embeddable":true,"href":"https:\/\/twistercolors.com.br\/loja\/wp-json\/wp\/v2\/media\/553"}],"wp:attachment":[{"href":"https:\/\/twistercolors.com.br\/loja\/wp-json\/wp\/v2\/media?parent=552"}],"wp:term":[{"taxonomy":"product_cat","embeddable":true,"href":"https:\/\/twistercolors.com.br\/loja\/wp-json\/wp\/v2\/product_cat?post=552"},{"taxonomy":"product_tag","embeddable":true,"href":"https:\/\/twistercolors.com.br\/loja\/wp-json\/wp\/v2\/product_tag?post=552"}],"curies":[{"name":"wp","href":"https:\/\/api.w.org\/{rel}","templated":true}]}}