{"id":56,"date":"2019-11-15T12:50:21","date_gmt":"2019-11-15T15:50:21","guid":{"rendered":"https:\/\/twistercolors.com.br\/loja\/produto\/fita-dupla-face-de-polietileno-adere\/"},"modified":"2019-11-15T12:50:21","modified_gmt":"2019-11-15T15:50:21","slug":"fita-dupla-face-de-polietileno-adere","status":"publish","type":"product","link":"https:\/\/twistercolors.com.br\/loja\/produto\/fita-dupla-face-de-polietileno-adere\/","title":{"rendered":"Fita Dupla Face de Polietileno Adere"},"content":{"rendered":"<p>Fita Dupla Face de Polietileno                         Solu\u00e7\u00f5es para fixa\u00e7\u00e3o de objetos leves de forma limpa e segura! Utilizadas tamb\u00e9m em artesanato, decora\u00e7\u00e3o, bricolagem, etc.                                                       Compartilhe:<\/p>\n<p>Marca Adere<\/p>\n","protected":false},"excerpt":{"rendered":"<p>Fita Dupla Face de Polietileno<br \/>\n                        Solu\u00e7\u00f5es para fixa\u00e7\u00e3o de objetos leves de forma limpa e segura! Utilizadas tamb\u00e9m em artesanato, decora\u00e7\u00e3o, bricolagem, etc.<\/p>\n<p>                            Compartilhe:<\/p>\n","protected":false},"featured_media":57,"comment_status":"closed","ping_status":"open","template":"","meta":{"om_disable_all_campaigns":false,"_exactmetrics_skip_tracking":false,"_exactmetrics_sitenote_active":false,"_exactmetrics_sitenote_note":"","_exactmetrics_sitenote_category":0,"_monsterinsights_skip_tracking":false,"_monsterinsights_sitenote_active":false,"_monsterinsights_sitenote_note":"","_monsterinsights_sitenote_category":0},"product_cat":[19,44,26,20],"product_tag":[],"aioseo_notices":[],"_links":{"self":[{"href":"https:\/\/twistercolors.com.br\/loja\/wp-json\/wp\/v2\/product\/56"}],"collection":[{"href":"https:\/\/twistercolors.com.br\/loja\/wp-json\/wp\/v2\/product"}],"about":[{"href":"https:\/\/twistercolors.com.br\/loja\/wp-json\/wp\/v2\/types\/product"}],"replies":[{"embeddable":true,"href":"https:\/\/twistercolors.com.br\/loja\/wp-json\/wp\/v2\/comments?post=56"}],"wp:featuredmedia":[{"embeddable":true,"href":"https:\/\/twistercolors.com.br\/loja\/wp-json\/wp\/v2\/media\/57"}],"wp:attachment":[{"href":"https:\/\/twistercolors.com.br\/loja\/wp-json\/wp\/v2\/media?parent=56"}],"wp:term":[{"taxonomy":"product_cat","embeddable":true,"href":"https:\/\/twistercolors.com.br\/loja\/wp-json\/wp\/v2\/product_cat?post=56"},{"taxonomy":"product_tag","embeddable":true,"href":"https:\/\/twistercolors.com.br\/loja\/wp-json\/wp\/v2\/product_tag?post=56"}],"curies":[{"name":"wp","href":"https:\/\/api.w.org\/{rel}","templated":true}]}}