{"id":60,"date":"2019-11-15T12:50:21","date_gmt":"2019-11-15T15:50:21","guid":{"rendered":"https:\/\/twistercolors.com.br\/loja\/produto\/pote-de-fita-isolante-919i-adere\/"},"modified":"2019-11-15T12:50:21","modified_gmt":"2019-11-15T15:50:21","slug":"pote-de-fita-isolante-919i-adere","status":"publish","type":"product","link":"https:\/\/twistercolors.com.br\/loja\/produto\/pote-de-fita-isolante-919i-adere\/","title":{"rendered":"Pote de Fita Isolante &#8211; 919i Adere"},"content":{"rendered":"<p>Pote de Fita Isolante &#8211; 919i     Pote com 20 rolos de fita adesiva\u00a0isolante\u00a0em PVC flex\u00edvel, com agente anti-chama e adesivo \u00e0 base de borracha e resinas, nas cores branca, preta, vermelha, amarela e verde.             Aplica\u00e7\u00e3o         Isolamento e identifica\u00e7\u00e3o de fios e cabos el\u00e9tricos e bandagens de chicotes para aplica\u00e7\u00f5es em geral e ve\u00edculos automotores. Indicada para uso at\u00e9 220V. Para informa\u00e7\u00f5es sobre o descarte do produto\u00a0Clique Aqui!                         Cadastre-se e compre<\/p>\n<p>Marca Adere<\/p>\n","protected":false},"excerpt":{"rendered":"<p>Pote de Fita Isolante &#8211; 919i<br \/>\n    Pote com 20 rolos de fita adesiva\u00a0isolante\u00a0em PVC flex\u00edvel, com agente anti-chama e adesivo \u00e0 base de borracha e resinas, nas cores branca, preta, vermelha, amarela e verde.<br \/>\n            Aplica\u00e7\u00e3o<br \/>\n        Isolamento e identifica\u00e7\u00e3o de fios e cabos el\u00e9tricos e bandagens de chicotes para aplica\u00e7\u00f5es em geral e ve\u00edculos automotores. Indicada para uso at\u00e9 220V.<br \/>\nPara informa\u00e7\u00f5es sobre o descarte do produto\u00a0Clique Aqui!<br \/>\n                        Cadastre-se e compre<\/p>\n","protected":false},"featured_media":61,"comment_status":"closed","ping_status":"open","template":"","meta":{"om_disable_all_campaigns":false,"_exactmetrics_skip_tracking":false,"_exactmetrics_sitenote_active":false,"_exactmetrics_sitenote_note":"","_exactmetrics_sitenote_category":0,"_monsterinsights_skip_tracking":false,"_monsterinsights_sitenote_active":false,"_monsterinsights_sitenote_note":"","_monsterinsights_sitenote_category":0},"product_cat":[47,19,45,31,46,20],"product_tag":[],"aioseo_notices":[],"_links":{"self":[{"href":"https:\/\/twistercolors.com.br\/loja\/wp-json\/wp\/v2\/product\/60"}],"collection":[{"href":"https:\/\/twistercolors.com.br\/loja\/wp-json\/wp\/v2\/product"}],"about":[{"href":"https:\/\/twistercolors.com.br\/loja\/wp-json\/wp\/v2\/types\/product"}],"replies":[{"embeddable":true,"href":"https:\/\/twistercolors.com.br\/loja\/wp-json\/wp\/v2\/comments?post=60"}],"wp:featuredmedia":[{"embeddable":true,"href":"https:\/\/twistercolors.com.br\/loja\/wp-json\/wp\/v2\/media\/61"}],"wp:attachment":[{"href":"https:\/\/twistercolors.com.br\/loja\/wp-json\/wp\/v2\/media?parent=60"}],"wp:term":[{"taxonomy":"product_cat","embeddable":true,"href":"https:\/\/twistercolors.com.br\/loja\/wp-json\/wp\/v2\/product_cat?post=60"},{"taxonomy":"product_tag","embeddable":true,"href":"https:\/\/twistercolors.com.br\/loja\/wp-json\/wp\/v2\/product_tag?post=60"}],"curies":[{"name":"wp","href":"https:\/\/api.w.org\/{rel}","templated":true}]}}