{"id":697,"date":"2019-11-19T12:41:42","date_gmt":"2019-11-19T15:41:42","guid":{"rendered":"https:\/\/twistercolors.com.br\/loja\/produto\/resina-acrilica-premium-plus-base-agua-lukscolor-telhas\/"},"modified":"2019-11-19T12:41:42","modified_gmt":"2019-11-19T15:41:42","slug":"resina-acrilica-premium-plus-base-agua-lukscolor-telhas","status":"publish","type":"product","link":"https:\/\/twistercolors.com.br\/loja\/produto\/resina-acrilica-premium-plus-base-agua-lukscolor-telhas\/","title":{"rendered":"Resina Acr\u00edlica Premium Plus &#8211; Base \u00c1gua Lukscolor Telhas"},"content":{"rendered":"<p>Resina Acr\u00edlica Premium Plus &#8211; Base \u00c1gua Lukscolor Telhas<\/p>\n","protected":false},"excerpt":{"rendered":"<p>Resina Acr\u00edlica Premium Plus &#8211; Base \u00c1gua Lukscolor Telhas<\/p>\n","protected":false},"featured_media":557,"comment_status":"closed","ping_status":"open","template":"","meta":{"om_disable_all_campaigns":false,"_exactmetrics_skip_tracking":false,"_exactmetrics_sitenote_active":false,"_exactmetrics_sitenote_note":"","_exactmetrics_sitenote_category":0,"_monsterinsights_skip_tracking":false,"_monsterinsights_sitenote_active":false,"_monsterinsights_sitenote_note":"","_monsterinsights_sitenote_category":0},"product_cat":[205,353,348],"product_tag":[],"aioseo_notices":[],"_links":{"self":[{"href":"https:\/\/twistercolors.com.br\/loja\/wp-json\/wp\/v2\/product\/697"}],"collection":[{"href":"https:\/\/twistercolors.com.br\/loja\/wp-json\/wp\/v2\/product"}],"about":[{"href":"https:\/\/twistercolors.com.br\/loja\/wp-json\/wp\/v2\/types\/product"}],"replies":[{"embeddable":true,"href":"https:\/\/twistercolors.com.br\/loja\/wp-json\/wp\/v2\/comments?post=697"}],"wp:featuredmedia":[{"embeddable":true,"href":"https:\/\/twistercolors.com.br\/loja\/wp-json\/wp\/v2\/media\/557"}],"wp:attachment":[{"href":"https:\/\/twistercolors.com.br\/loja\/wp-json\/wp\/v2\/media?parent=697"}],"wp:term":[{"taxonomy":"product_cat","embeddable":true,"href":"https:\/\/twistercolors.com.br\/loja\/wp-json\/wp\/v2\/product_cat?post=697"},{"taxonomy":"product_tag","embeddable":true,"href":"https:\/\/twistercolors.com.br\/loja\/wp-json\/wp\/v2\/product_tag?post=697"}],"curies":[{"name":"wp","href":"https:\/\/api.w.org\/{rel}","templated":true}]}}