{"id":71,"date":"2019-11-15T12:50:21","date_gmt":"2019-11-15T15:50:21","guid":{"rendered":"https:\/\/twistercolors.com.br\/loja\/produto\/fita-crepe-automotiva-a128ra-adere\/"},"modified":"2019-11-15T12:50:21","modified_gmt":"2019-11-15T15:50:21","slug":"fita-crepe-automotiva-a128ra-adere","status":"publish","type":"product","link":"https:\/\/twistercolors.com.br\/loja\/produto\/fita-crepe-automotiva-a128ra-adere\/","title":{"rendered":"Fita Crepe Automotiva A128RA Adere"},"content":{"rendered":"<p>Fita Crepe Automotiva A128RA     A Fita Crepe Automotiva A128RA \u00e9 composta por papel crepe na cor amarela, tratado com solu\u00e7\u00e3o \u00e0 base de borracha.             Aplica\u00e7\u00e3o         Mascaramento de Pinturas automotivas em estufas por 1 hora at\u00e9 100\u00baC (resist\u00eancia ou infra-vermelho). Quando aplicada em metal, borracha, vidro e partes pl\u00e1sticas dos ve\u00edculos, tais como para-choques, a Fita Adere\u00aeA128RA n\u00e3o deixa res\u00edduos de adesivo.\u00a0Produto resiste at\u00e9 3 dias em \u00e1rea externa. Neste caso, evitar aplica\u00e7\u00e3o sobre borracha. Para informa\u00e7\u00f5es sobre o descarte do produto Clique Aqui!                 Mercados                                      Automotivo e Transportes                                          Cadastre-se e compre<\/p>\n<p>Marca Adere<\/p>\n","protected":false},"excerpt":{"rendered":"<p>Fita Crepe Automotiva A128RA<br \/>\n    A Fita Crepe Automotiva A128RA \u00e9 composta por papel crepe na cor amarela, tratado com solu\u00e7\u00e3o \u00e0 base de borracha.<br \/>\n            Aplica\u00e7\u00e3o<br \/>\n        Mascaramento de Pinturas automotivas em estufas por 1 hora at\u00e9 100\u00baC (resist\u00eancia ou infra-vermelho). Quando aplicada em metal, borracha, vidro e partes pl\u00e1sticas dos ve\u00edculos, tais como para-choques, a Fita Adere\u00aeA128RA n\u00e3o deixa res\u00edduos de adesivo.\u00a0Produto resiste at\u00e9 3 dias em \u00e1rea externa. Neste caso, evitar aplica\u00e7\u00e3o sobre borracha.<br \/>\nPara informa\u00e7\u00f5es sobre o descarte do produto Clique Aqui!<br \/>\n                Mercados<\/p>\n<p>                            Automotivo e Transportes<\/p>\n<p>                    Cadastre-se e compre<\/p>\n","protected":false},"featured_media":72,"comment_status":"closed","ping_status":"open","template":"","meta":{"om_disable_all_campaigns":false,"_exactmetrics_skip_tracking":false,"_exactmetrics_sitenote_active":false,"_exactmetrics_sitenote_note":"","_exactmetrics_sitenote_category":0,"_monsterinsights_skip_tracking":false,"_monsterinsights_sitenote_active":false,"_monsterinsights_sitenote_note":"","_monsterinsights_sitenote_category":0},"product_cat":[19,55,56,33,20],"product_tag":[],"aioseo_notices":[],"_links":{"self":[{"href":"https:\/\/twistercolors.com.br\/loja\/wp-json\/wp\/v2\/product\/71"}],"collection":[{"href":"https:\/\/twistercolors.com.br\/loja\/wp-json\/wp\/v2\/product"}],"about":[{"href":"https:\/\/twistercolors.com.br\/loja\/wp-json\/wp\/v2\/types\/product"}],"replies":[{"embeddable":true,"href":"https:\/\/twistercolors.com.br\/loja\/wp-json\/wp\/v2\/comments?post=71"}],"wp:featuredmedia":[{"embeddable":true,"href":"https:\/\/twistercolors.com.br\/loja\/wp-json\/wp\/v2\/media\/72"}],"wp:attachment":[{"href":"https:\/\/twistercolors.com.br\/loja\/wp-json\/wp\/v2\/media?parent=71"}],"wp:term":[{"taxonomy":"product_cat","embeddable":true,"href":"https:\/\/twistercolors.com.br\/loja\/wp-json\/wp\/v2\/product_cat?post=71"},{"taxonomy":"product_tag","embeddable":true,"href":"https:\/\/twistercolors.com.br\/loja\/wp-json\/wp\/v2\/product_tag?post=71"}],"curies":[{"name":"wp","href":"https:\/\/api.w.org\/{rel}","templated":true}]}}