{"id":73,"date":"2019-11-15T12:50:21","date_gmt":"2019-11-15T15:50:21","guid":{"rendered":"https:\/\/twistercolors.com.br\/loja\/produto\/fita-adesiva-de-mopp-laranja-822-adere\/"},"modified":"2019-11-15T12:50:21","modified_gmt":"2019-11-15T15:50:21","slug":"fita-adesiva-de-mopp-laranja-822-adere","status":"publish","type":"product","link":"https:\/\/twistercolors.com.br\/loja\/produto\/fita-adesiva-de-mopp-laranja-822-adere\/","title":{"rendered":"FITA ADESIVA DE MOPP LARANJA 822 Adere"},"content":{"rendered":"<p>FITA ADESIVA DE MOPP LARANJA 822     Fita adesiva laranja constitu\u00edda de Filme de MOPP ( Polipropileno Mono orientado) 70 micra com adesivo \u00e0 base de borracha.             Aplica\u00e7\u00e3o         Paletiza\u00e7\u00e3o de embalagens;Enfeixamento de tubos e barras;Empacotamento pesado;Fechamento de bobinas met\u00e1licas;Aplica\u00e7\u00f5es gerais onde a resist\u00eancia \u00e0 tra\u00e7\u00e3o e boa ades\u00e3o s\u00e3o requeridas. Para informa\u00e7\u00f5es sobre o descarte do produto Clique Aqui!                 Mercados                                      Flexografia e Acabamento Gr\u00e1fico                             Empacotamento e Refor\u00e7o                             Arquitetura e Comunica\u00e7\u00e3o Visual                             Linha Branca e Refrigera\u00e7\u00e3o Comercial                                          Cadastre-se e compre<\/p>\n<p>Marca Adere<\/p>\n","protected":false},"excerpt":{"rendered":"<p>FITA ADESIVA DE MOPP LARANJA 822<br \/>\n    Fita adesiva laranja constitu\u00edda de Filme de MOPP ( Polipropileno Mono orientado) 70 micra com adesivo \u00e0 base de borracha.<br \/>\n            Aplica\u00e7\u00e3o<br \/>\n        Paletiza\u00e7\u00e3o de embalagens;Enfeixamento de tubos e barras;Empacotamento pesado;Fechamento de bobinas met\u00e1licas;Aplica\u00e7\u00f5es gerais onde a resist\u00eancia \u00e0 tra\u00e7\u00e3o e boa ades\u00e3o s\u00e3o requeridas.<br \/>\nPara informa\u00e7\u00f5es sobre o descarte do produto Clique Aqui!<br \/>\n                Mercados<\/p>\n<p>                            Flexografia e Acabamento Gr\u00e1fico<br \/>\n                            Empacotamento e Refor\u00e7o<br \/>\n                            Arquitetura e Comunica\u00e7\u00e3o Visual<br \/>\n                            Linha Branca e Refrigera\u00e7\u00e3o Comercial<\/p>\n<p>                    Cadastre-se e compre<\/p>\n","protected":false},"featured_media":74,"comment_status":"closed","ping_status":"open","template":"","meta":{"om_disable_all_campaigns":false,"_exactmetrics_skip_tracking":false,"_exactmetrics_sitenote_active":false,"_exactmetrics_sitenote_note":"","_exactmetrics_sitenote_category":0,"_monsterinsights_skip_tracking":false,"_monsterinsights_sitenote_active":false,"_monsterinsights_sitenote_note":"","_monsterinsights_sitenote_category":0},"product_cat":[19,57,31,35,20],"product_tag":[],"aioseo_notices":[],"_links":{"self":[{"href":"https:\/\/twistercolors.com.br\/loja\/wp-json\/wp\/v2\/product\/73"}],"collection":[{"href":"https:\/\/twistercolors.com.br\/loja\/wp-json\/wp\/v2\/product"}],"about":[{"href":"https:\/\/twistercolors.com.br\/loja\/wp-json\/wp\/v2\/types\/product"}],"replies":[{"embeddable":true,"href":"https:\/\/twistercolors.com.br\/loja\/wp-json\/wp\/v2\/comments?post=73"}],"wp:featuredmedia":[{"embeddable":true,"href":"https:\/\/twistercolors.com.br\/loja\/wp-json\/wp\/v2\/media\/74"}],"wp:attachment":[{"href":"https:\/\/twistercolors.com.br\/loja\/wp-json\/wp\/v2\/media?parent=73"}],"wp:term":[{"taxonomy":"product_cat","embeddable":true,"href":"https:\/\/twistercolors.com.br\/loja\/wp-json\/wp\/v2\/product_cat?post=73"},{"taxonomy":"product_tag","embeddable":true,"href":"https:\/\/twistercolors.com.br\/loja\/wp-json\/wp\/v2\/product_tag?post=73"}],"curies":[{"name":"wp","href":"https:\/\/api.w.org\/{rel}","templated":true}]}}