{"id":81,"date":"2019-11-15T12:50:47","date_gmt":"2019-11-15T15:50:47","guid":{"rendered":"https:\/\/twistercolors.com.br\/loja\/produto\/fita-para-demarcacao-de-area-zebrada-870-adere\/"},"modified":"2019-11-15T12:50:47","modified_gmt":"2019-11-15T15:50:47","slug":"fita-para-demarcacao-de-area-zebrada-870-adere","status":"publish","type":"product","link":"https:\/\/twistercolors.com.br\/loja\/produto\/fita-para-demarcacao-de-area-zebrada-870-adere\/","title":{"rendered":"Fita para Demarca\u00e7\u00e3o de \u00c1rea Zebrada 870 Adere"},"content":{"rendered":"<p>Fita para Demarca\u00e7\u00e3o de \u00c1rea Zebrada 870     Filme de polietileno de baixa densidade sem adesivo, com espessura de 0,03mm ou 30 micra, impresso em duas cores (preto e amarelo).             Aplica\u00e7\u00e3o         Destinada a isolamento de \u00e1reas e sinaliza\u00e7\u00e3o de locais que ofere\u00e7am algum tipo de perigo.Maior seguran\u00e7a no controle de acesso de pessoas.Pode ser usada interna e externamente.Leve, resistente, dobr\u00e1vel e de f\u00e1cil instala\u00e7\u00e3oSem adesivo Para informa\u00e7\u00f5es sobre o descarte do produto Clique Aqui!                 Mercados                                      Linha Branca e Refrigera\u00e7\u00e3o Comercial                             Constru\u00e7\u00e3o e Manuten\u00e7\u00e3o                             Supermercados e Papelarias                             Automotivo e Transportes                                          Cadastre-se e compre<\/p>\n<p>Marca Adere<\/p>\n","protected":false},"excerpt":{"rendered":"<p>Fita para Demarca\u00e7\u00e3o de \u00c1rea Zebrada 870<br \/>\n    Filme de polietileno de baixa densidade sem adesivo, com espessura de 0,03mm ou 30 micra, impresso em duas cores (preto e amarelo).<br \/>\n            Aplica\u00e7\u00e3o<br \/>\n        Destinada a isolamento de \u00e1reas e sinaliza\u00e7\u00e3o de locais que ofere\u00e7am algum tipo de perigo.Maior seguran\u00e7a no controle de acesso de pessoas.Pode ser usada interna e externamente.Leve, resistente, dobr\u00e1vel e de f\u00e1cil instala\u00e7\u00e3oSem adesivo<br \/>\nPara informa\u00e7\u00f5es sobre o descarte do produto Clique Aqui!<br \/>\n                Mercados<\/p>\n<p>                            Linha Branca e Refrigera\u00e7\u00e3o Comercial<br \/>\n                            Constru\u00e7\u00e3o e Manuten\u00e7\u00e3o<br \/>\n                            Supermercados e Papelarias<br \/>\n                            Automotivo e Transportes<\/p>\n<p>                    Cadastre-se e compre<\/p>\n","protected":false},"featured_media":82,"comment_status":"closed","ping_status":"open","template":"","meta":{"om_disable_all_campaigns":false,"_exactmetrics_skip_tracking":false,"_exactmetrics_sitenote_active":false,"_exactmetrics_sitenote_note":"","_exactmetrics_sitenote_category":0,"_monsterinsights_skip_tracking":false,"_monsterinsights_sitenote_active":false,"_monsterinsights_sitenote_note":"","_monsterinsights_sitenote_category":0},"product_cat":[19,62,31,35,20],"product_tag":[],"aioseo_notices":[],"_links":{"self":[{"href":"https:\/\/twistercolors.com.br\/loja\/wp-json\/wp\/v2\/product\/81"}],"collection":[{"href":"https:\/\/twistercolors.com.br\/loja\/wp-json\/wp\/v2\/product"}],"about":[{"href":"https:\/\/twistercolors.com.br\/loja\/wp-json\/wp\/v2\/types\/product"}],"replies":[{"embeddable":true,"href":"https:\/\/twistercolors.com.br\/loja\/wp-json\/wp\/v2\/comments?post=81"}],"wp:featuredmedia":[{"embeddable":true,"href":"https:\/\/twistercolors.com.br\/loja\/wp-json\/wp\/v2\/media\/82"}],"wp:attachment":[{"href":"https:\/\/twistercolors.com.br\/loja\/wp-json\/wp\/v2\/media?parent=81"}],"wp:term":[{"taxonomy":"product_cat","embeddable":true,"href":"https:\/\/twistercolors.com.br\/loja\/wp-json\/wp\/v2\/product_cat?post=81"},{"taxonomy":"product_tag","embeddable":true,"href":"https:\/\/twistercolors.com.br\/loja\/wp-json\/wp\/v2\/product_tag?post=81"}],"curies":[{"name":"wp","href":"https:\/\/api.w.org\/{rel}","templated":true}]}}