{"id":86,"date":"2019-11-15T12:50:47","date_gmt":"2019-11-15T15:50:47","guid":{"rendered":"https:\/\/twistercolors.com.br\/loja\/produto\/rolete-de-pressao-adere\/"},"modified":"2019-11-15T12:50:47","modified_gmt":"2019-11-15T15:50:47","slug":"rolete-de-pressao-adere","status":"publish","type":"product","link":"https:\/\/twistercolors.com.br\/loja\/produto\/rolete-de-pressao-adere\/","title":{"rendered":"Rolete de Press\u00e3o Adere"},"content":{"rendered":"<p>Rolete de Press\u00e3o     Aparelho desenvolvido para garantir o aumento da \u00e1rea de contato entre a fita e o substrato.             Aplica\u00e7\u00e3o         Ap\u00f3s a aplica\u00e7\u00e3o da fita adesiva, \u00e9 necess\u00e1rio passar o Rolete de Press\u00e3o para garantir e acelerar a ades\u00e3o inicial e maximizar a \u00e1rea de contato entre a fita e o substrato. Para informa\u00e7\u00f5es sobre o descarte do produto Clique Aqui!                 Mercados                                      Glazing                             Arquitetura e Comunica\u00e7\u00e3o Visual                             Constru\u00e7\u00e3o e Manuten\u00e7\u00e3o                                          Cadastre-se e compre<\/p>\n<p>Marca Adere<\/p>\n","protected":false},"excerpt":{"rendered":"<p>Rolete de Press\u00e3o<br \/>\n    Aparelho desenvolvido para garantir o aumento da \u00e1rea de contato entre a fita e o substrato.<br \/>\n            Aplica\u00e7\u00e3o<br \/>\n        Ap\u00f3s a aplica\u00e7\u00e3o da fita adesiva, \u00e9 necess\u00e1rio passar o Rolete de Press\u00e3o para garantir e acelerar a ades\u00e3o inicial e maximizar a \u00e1rea de contato entre a fita e o substrato.<br \/>\nPara informa\u00e7\u00f5es sobre o descarte do produto Clique Aqui!<br \/>\n                Mercados<\/p>\n<p>                            Glazing<br \/>\n                            Arquitetura e Comunica\u00e7\u00e3o Visual<br \/>\n                            Constru\u00e7\u00e3o e Manuten\u00e7\u00e3o<\/p>\n<p>                    Cadastre-se e compre<\/p>\n","protected":false},"featured_media":87,"comment_status":"closed","ping_status":"open","template":"","meta":{"om_disable_all_campaigns":false,"_exactmetrics_skip_tracking":false,"_exactmetrics_sitenote_active":false,"_exactmetrics_sitenote_note":"","_exactmetrics_sitenote_category":0,"_monsterinsights_skip_tracking":false,"_monsterinsights_sitenote_active":false,"_monsterinsights_sitenote_note":"","_monsterinsights_sitenote_category":0},"product_cat":[19,22,21,64,20],"product_tag":[],"aioseo_notices":[],"_links":{"self":[{"href":"https:\/\/twistercolors.com.br\/loja\/wp-json\/wp\/v2\/product\/86"}],"collection":[{"href":"https:\/\/twistercolors.com.br\/loja\/wp-json\/wp\/v2\/product"}],"about":[{"href":"https:\/\/twistercolors.com.br\/loja\/wp-json\/wp\/v2\/types\/product"}],"replies":[{"embeddable":true,"href":"https:\/\/twistercolors.com.br\/loja\/wp-json\/wp\/v2\/comments?post=86"}],"wp:featuredmedia":[{"embeddable":true,"href":"https:\/\/twistercolors.com.br\/loja\/wp-json\/wp\/v2\/media\/87"}],"wp:attachment":[{"href":"https:\/\/twistercolors.com.br\/loja\/wp-json\/wp\/v2\/media?parent=86"}],"wp:term":[{"taxonomy":"product_cat","embeddable":true,"href":"https:\/\/twistercolors.com.br\/loja\/wp-json\/wp\/v2\/product_cat?post=86"},{"taxonomy":"product_tag","embeddable":true,"href":"https:\/\/twistercolors.com.br\/loja\/wp-json\/wp\/v2\/product_tag?post=86"}],"curies":[{"name":"wp","href":"https:\/\/api.w.org\/{rel}","templated":true}]}}