{"id":90,"date":"2019-11-15T12:50:47","date_gmt":"2019-11-15T15:50:47","guid":{"rendered":"https:\/\/twistercolors.com.br\/loja\/produto\/fita-dupla-face-de-poliester-487-adere\/"},"modified":"2019-11-15T12:50:47","modified_gmt":"2019-11-15T15:50:47","slug":"fita-dupla-face-de-poliester-487-adere","status":"publish","type":"product","link":"https:\/\/twistercolors.com.br\/loja\/produto\/fita-dupla-face-de-poliester-487-adere\/","title":{"rendered":"Fita Dupla Face de Poli\u00e9ster 487 Adere"},"content":{"rendered":"<p>Fita Dupla Face de Poli\u00e9ster 487     Fita com dorso de Poli\u00e9ster de 0,020mm de espessura na cor branca, com liner de papel siliconizado 60g\/m\u00b2 e adesivo acr\u00edlico.Adesivo de alto tack e shear proporcionando seguran\u00e7a nas aplica\u00e7\u00f5es.             Aplica\u00e7\u00e3o         Emenda de bobinas de metal.- Proporciona estabilidade dimensional, devido ao filme de poli\u00e9ster- Compatibilidade com v\u00e1rias superf\u00edcies como metais e pl\u00e1sticos- Confere transpar\u00eancia na aplica\u00e7\u00e3o.- Liner de f\u00e1cil remo\u00e7\u00e3o, facilitando a aplica\u00e7\u00e3o. Para informa\u00e7\u00f5es sobre o descarte do produto Clique Aqui!                 Mercados                                      Flexografia e Acabamento Gr\u00e1fico                             Emendas de Pap\u00e9is e Filmes                             Arquitetura e Comunica\u00e7\u00e3o Visual                                          Cadastre-se e compre<\/p>\n<p>Marca Adere<\/p>\n","protected":false},"excerpt":{"rendered":"<p>Fita Dupla Face de Poli\u00e9ster 487<br \/>\n    Fita com dorso de Poli\u00e9ster de 0,020mm de espessura na cor branca, com liner de papel siliconizado 60g\/m\u00b2 e adesivo acr\u00edlico.Adesivo de alto tack e shear proporcionando seguran\u00e7a nas aplica\u00e7\u00f5es.<br \/>\n            Aplica\u00e7\u00e3o<br \/>\n        Emenda de bobinas de metal.- Proporciona estabilidade dimensional, devido ao filme de poli\u00e9ster- Compatibilidade com v\u00e1rias superf\u00edcies como metais e pl\u00e1sticos- Confere transpar\u00eancia na aplica\u00e7\u00e3o.- Liner de f\u00e1cil remo\u00e7\u00e3o, facilitando a aplica\u00e7\u00e3o.<br \/>\nPara informa\u00e7\u00f5es sobre o descarte do produto Clique Aqui!<br \/>\n                Mercados<\/p>\n<p>                            Flexografia e Acabamento Gr\u00e1fico<br \/>\n                            Emendas de Pap\u00e9is e Filmes<br \/>\n                            Arquitetura e Comunica\u00e7\u00e3o Visual<\/p>\n<p>                    Cadastre-se e compre<\/p>\n","protected":false},"featured_media":91,"comment_status":"closed","ping_status":"open","template":"","meta":{"om_disable_all_campaigns":false,"_exactmetrics_skip_tracking":false,"_exactmetrics_sitenote_active":false,"_exactmetrics_sitenote_note":"","_exactmetrics_sitenote_category":0,"_monsterinsights_skip_tracking":false,"_monsterinsights_sitenote_active":false,"_monsterinsights_sitenote_note":"","_monsterinsights_sitenote_category":0},"product_cat":[19,25,67,24,20],"product_tag":[],"aioseo_notices":[],"_links":{"self":[{"href":"https:\/\/twistercolors.com.br\/loja\/wp-json\/wp\/v2\/product\/90"}],"collection":[{"href":"https:\/\/twistercolors.com.br\/loja\/wp-json\/wp\/v2\/product"}],"about":[{"href":"https:\/\/twistercolors.com.br\/loja\/wp-json\/wp\/v2\/types\/product"}],"replies":[{"embeddable":true,"href":"https:\/\/twistercolors.com.br\/loja\/wp-json\/wp\/v2\/comments?post=90"}],"wp:featuredmedia":[{"embeddable":true,"href":"https:\/\/twistercolors.com.br\/loja\/wp-json\/wp\/v2\/media\/91"}],"wp:attachment":[{"href":"https:\/\/twistercolors.com.br\/loja\/wp-json\/wp\/v2\/media?parent=90"}],"wp:term":[{"taxonomy":"product_cat","embeddable":true,"href":"https:\/\/twistercolors.com.br\/loja\/wp-json\/wp\/v2\/product_cat?post=90"},{"taxonomy":"product_tag","embeddable":true,"href":"https:\/\/twistercolors.com.br\/loja\/wp-json\/wp\/v2\/product_tag?post=90"}],"curies":[{"name":"wp","href":"https:\/\/api.w.org\/{rel}","templated":true}]}}