{"id":94,"date":"2019-11-15T12:50:47","date_gmt":"2019-11-15T15:50:47","guid":{"rendered":"https:\/\/twistercolors.com.br\/loja\/produto\/fita-crepe-automotiva-247-adere\/"},"modified":"2019-11-15T12:50:47","modified_gmt":"2019-11-15T15:50:47","slug":"fita-crepe-automotiva-247-adere","status":"publish","type":"product","link":"https:\/\/twistercolors.com.br\/loja\/produto\/fita-crepe-automotiva-247-adere\/","title":{"rendered":"Fita Crepe Automotiva 247 Adere"},"content":{"rendered":"<p>Fita Crepe Automotiva 247     A Fita Crepe Automotiva MAXI 247 \u00e9 composta por papel de gramatura 40g\/m\u00b2 na cor amarela, tratado com solu\u00e7\u00e3o \u00e0 base de borracha.Possui um adesivo \u00e0 base de borracha e resinas de alta performance, que garante aplicabilidade sem deixar res\u00edduo ap\u00f3s sua retirada, resistindo em ciclos de secagem at\u00e9 100\u00b0C.             Aplica\u00e7\u00e3o         Fita especialmente desenvolvida para atender aos requisitos das linhas de pinturas automotivas, podendo ser aplicada no mascaramento com secagem em estufas at\u00e9 100\u00b0C.Quando aplicada em metais, borrachas, vidros e partes met\u00e1licas doa ve\u00edculos, a Fita Crepe Automotiva 247 n\u00e3o deixa res\u00edduos de adesivo ap\u00f3s sua retirada.Tamb\u00e9m pode ser utilizada em trabalhos em superf\u00edcies irregulares, fechamento de embalagens e caixas de papel\u00e3o. Na ind\u00fastria, tem aplica\u00e7\u00e3o na fixa\u00e7\u00e3o e emenda de pap\u00e9is ou pl\u00e1sticos em bobinas e uso geral.Obs.: Recomendamos a retirada da fita em at\u00e9 24 horas ap\u00f3s sua aplica\u00e7\u00e3o. Para informa\u00e7\u00f5es sobre o descarte do produto Clique Aqui!                 Mercados                                      Arquitetura e Comunica\u00e7\u00e3o Visual                             Linha Branca e Refrigera\u00e7\u00e3o Comercial                             Constru\u00e7\u00e3o e Manuten\u00e7\u00e3o                             Automotivo e Transportes                                          Cadastre-se e compre<\/p>\n<p>Marca Adere<\/p>\n","protected":false},"excerpt":{"rendered":"<p>Fita Crepe Automotiva 247<br \/>\n    A Fita Crepe Automotiva MAXI 247 \u00e9 composta por papel de gramatura 40g\/m\u00b2 na cor amarela, tratado com solu\u00e7\u00e3o \u00e0 base de borracha.Possui um adesivo \u00e0 base de borracha e resinas de alta performance, que garante aplicabilidade sem deixar res\u00edduo ap\u00f3s sua retirada, resistindo em ciclos de secagem at\u00e9 100\u00b0C.<br \/>\n            Aplica\u00e7\u00e3o<br \/>\n        Fita especialmente desenvolvida para atender aos requisitos das linhas de pinturas automotivas, podendo ser aplicada no mascaramento com secagem em estufas at\u00e9 100\u00b0C.Quando aplicada em metais, borrachas, vidros e partes met\u00e1licas doa ve\u00edculos, a Fita Crepe Automotiva 247 n\u00e3o deixa res\u00edduos de adesivo ap\u00f3s sua retirada.Tamb\u00e9m pode ser utilizada em trabalhos em superf\u00edcies irregulares, fechamento de embalagens e caixas de papel\u00e3o. Na ind\u00fastria, tem aplica\u00e7\u00e3o na fixa\u00e7\u00e3o e emenda de pap\u00e9is ou pl\u00e1sticos em bobinas e uso geral.Obs.: Recomendamos a retirada da fita em at\u00e9 24 horas ap\u00f3s sua aplica\u00e7\u00e3o.<br \/>\nPara informa\u00e7\u00f5es sobre o descarte do produto Clique Aqui!<br \/>\n                Mercados<\/p>\n<p>                            Arquitetura e Comunica\u00e7\u00e3o Visual<br \/>\n                            Linha Branca e Refrigera\u00e7\u00e3o Comercial<br \/>\n                            Constru\u00e7\u00e3o e Manuten\u00e7\u00e3o<br \/>\n                            Automotivo e Transportes<\/p>\n<p>                    Cadastre-se e compre<\/p>\n","protected":false},"featured_media":95,"comment_status":"closed","ping_status":"open","template":"","meta":{"om_disable_all_campaigns":false,"_exactmetrics_skip_tracking":false,"_exactmetrics_sitenote_active":false,"_exactmetrics_sitenote_note":"","_exactmetrics_sitenote_category":0,"_monsterinsights_skip_tracking":false,"_monsterinsights_sitenote_active":false,"_monsterinsights_sitenote_note":"","_monsterinsights_sitenote_category":0},"product_cat":[19,55,69,33,20],"product_tag":[],"aioseo_notices":[],"_links":{"self":[{"href":"https:\/\/twistercolors.com.br\/loja\/wp-json\/wp\/v2\/product\/94"}],"collection":[{"href":"https:\/\/twistercolors.com.br\/loja\/wp-json\/wp\/v2\/product"}],"about":[{"href":"https:\/\/twistercolors.com.br\/loja\/wp-json\/wp\/v2\/types\/product"}],"replies":[{"embeddable":true,"href":"https:\/\/twistercolors.com.br\/loja\/wp-json\/wp\/v2\/comments?post=94"}],"wp:featuredmedia":[{"embeddable":true,"href":"https:\/\/twistercolors.com.br\/loja\/wp-json\/wp\/v2\/media\/95"}],"wp:attachment":[{"href":"https:\/\/twistercolors.com.br\/loja\/wp-json\/wp\/v2\/media?parent=94"}],"wp:term":[{"taxonomy":"product_cat","embeddable":true,"href":"https:\/\/twistercolors.com.br\/loja\/wp-json\/wp\/v2\/product_cat?post=94"},{"taxonomy":"product_tag","embeddable":true,"href":"https:\/\/twistercolors.com.br\/loja\/wp-json\/wp\/v2\/product_tag?post=94"}],"curies":[{"name":"wp","href":"https:\/\/api.w.org\/{rel}","templated":true}]}}