{"id":96,"date":"2019-11-15T12:50:47","date_gmt":"2019-11-15T15:50:47","guid":{"rendered":"https:\/\/twistercolors.com.br\/loja\/produto\/alicate-de-pressao-adere\/"},"modified":"2019-11-15T12:50:47","modified_gmt":"2019-11-15T15:50:47","slug":"alicate-de-pressao-adere","status":"publish","type":"product","link":"https:\/\/twistercolors.com.br\/loja\/produto\/alicate-de-pressao-adere\/","title":{"rendered":"Alicate de Press\u00e3o Adere"},"content":{"rendered":"<p>Alicate de Press\u00e3o     Aparelho desenvolvido para garantir o aumento da \u00e1rea de contato entre a fita e o substrato, por\u00e9m, com maior precis\u00e3o por pressionar a fita de encontro com o objeto, em forma de alicate, garantindo a uniformidade da aplica\u00e7\u00e3o atrav\u00e9s dos roletes em suas pontas.             Aplica\u00e7\u00e3o         Ap\u00f3s a aplica\u00e7\u00e3o da fita adesiva, \u00e9 importante a utiliza\u00e7\u00e3o do Alicate de Press\u00e3o para garantir e acelerar a ades\u00e3o inicial e maximizar a \u00e1rea de contato entre a fita e o substrato. Para informa\u00e7\u00f5es sobre o descarte do produto\u00a0Clique Aqui!                         Cadastre-se e compre<\/p>\n<p>Marca Adere<\/p>\n","protected":false},"excerpt":{"rendered":"<p>Alicate de Press\u00e3o<br \/>\n    Aparelho desenvolvido para garantir o aumento da \u00e1rea de contato entre a fita e o substrato, por\u00e9m, com maior precis\u00e3o por pressionar a fita de encontro com o objeto, em forma de alicate, garantindo a uniformidade da aplica\u00e7\u00e3o atrav\u00e9s dos roletes em suas pontas.<br \/>\n            Aplica\u00e7\u00e3o<br \/>\n        Ap\u00f3s a aplica\u00e7\u00e3o da fita adesiva, \u00e9 importante a utiliza\u00e7\u00e3o do Alicate de Press\u00e3o para garantir e acelerar a ades\u00e3o inicial e maximizar a \u00e1rea de contato entre a fita e o substrato.<br \/>\nPara informa\u00e7\u00f5es sobre o descarte do produto\u00a0Clique Aqui!<br \/>\n                        Cadastre-se e compre<\/p>\n","protected":false},"featured_media":97,"comment_status":"closed","ping_status":"open","template":"","meta":{"om_disable_all_campaigns":false,"_exactmetrics_skip_tracking":false,"_exactmetrics_sitenote_active":false,"_exactmetrics_sitenote_note":"","_exactmetrics_sitenote_category":0,"_monsterinsights_skip_tracking":false,"_monsterinsights_sitenote_active":false,"_monsterinsights_sitenote_note":"","_monsterinsights_sitenote_category":0},"product_cat":[19,70,22,21,20],"product_tag":[],"aioseo_notices":[],"_links":{"self":[{"href":"https:\/\/twistercolors.com.br\/loja\/wp-json\/wp\/v2\/product\/96"}],"collection":[{"href":"https:\/\/twistercolors.com.br\/loja\/wp-json\/wp\/v2\/product"}],"about":[{"href":"https:\/\/twistercolors.com.br\/loja\/wp-json\/wp\/v2\/types\/product"}],"replies":[{"embeddable":true,"href":"https:\/\/twistercolors.com.br\/loja\/wp-json\/wp\/v2\/comments?post=96"}],"wp:featuredmedia":[{"embeddable":true,"href":"https:\/\/twistercolors.com.br\/loja\/wp-json\/wp\/v2\/media\/97"}],"wp:attachment":[{"href":"https:\/\/twistercolors.com.br\/loja\/wp-json\/wp\/v2\/media?parent=96"}],"wp:term":[{"taxonomy":"product_cat","embeddable":true,"href":"https:\/\/twistercolors.com.br\/loja\/wp-json\/wp\/v2\/product_cat?post=96"},{"taxonomy":"product_tag","embeddable":true,"href":"https:\/\/twistercolors.com.br\/loja\/wp-json\/wp\/v2\/product_tag?post=96"}],"curies":[{"name":"wp","href":"https:\/\/api.w.org\/{rel}","templated":true}]}}